{"id":2132,"date":"2024-04-12T20:01:38","date_gmt":"2024-04-12T18:01:38","guid":{"rendered":"https:\/\/homeofhomes.lu\/?page_id=2132"},"modified":"2026-01-18T13:49:45","modified_gmt":"2026-01-18T11:49:45","slug":"accueil","status":"publish","type":"page","link":"https:\/\/homeofhomes.lu\/?page_id=2132&lang=fr","title":{"rendered":"Notre mission"},"content":{"rendered":"\t\t<div data-elementor-type=\"wp-page\" data-elementor-id=\"2132\" class=\"elementor elementor-2132\">\n\t\t\t\t<div class=\"elementor-element elementor-element-441ce3eb e-flex e-con-boxed e-con e-parent\" data-id=\"441ce3eb\" data-element_type=\"container\" data-e-type=\"container\">\n\t\t\t\t\t<div class=\"e-con-inner\">\n\t\t\t\t<div class=\"elementor-element elementor-element-387df1b0 elementor-widget elementor-widget-text-editor\" data-id=\"387df1b0\" data-element_type=\"widget\" data-e-type=\"widget\" data-widget_type=\"text-editor.default\">\n\t\t\t\t<div class=\"elementor-widget-container\">\n\t\t\t\t\t\t\t\t\t\n<div class=\"wp-block-cover aligncenter is-light has-medium-font-size wp-duotone-unset-2\" style=\"min-height: 474px;aspect-ratio:unset;\"><video class=\"wp-block-cover__video-background intrinsic-ignore\" src=\"https:\/\/homeofhomes.lu\/wp-content\/uploads\/2024\/04\/HomeOfHomes_Video1.mp4\" autoplay=\"autoplay\" loop=\"loop\" muted=\"\" width=\"300\" height=\"150\" data-object-fit=\"cover\"><\/video>\n<div class=\"wp-block-cover__inner-container is-layout-flow wp-block-cover-is-layout-flow\">\n<h1 class=\"wp-block-heading has-text-align-center has-white-color has-text-color\">L\u2019exp\u00e9rience immobili\u00e8re tout-en-un<\/h1>\n<\/div>\n<\/div>\n\n<p>Avec tout sous le m\u00eame toit ! Nous nous consacrons \u00e0 vous offrir la meilleure exp\u00e9rience lors de la r\u00e9alisation de votre projet immobilier \u00e0 travers la cr\u00e9ation de maisons durables et respectueuses de l\u2019environnement.<\/p>\n\n<p>\u00a0<\/p>\n\t\t\t\t\t\t\t\t<\/div>\n\t\t\t\t<\/div>\n\t\t\t\t\t<\/div>\n\t\t\t\t<\/div>\n\t\t<div class=\"elementor-element elementor-element-031e08d e-flex e-con-boxed e-con e-parent\" data-id=\"031e08d\" data-element_type=\"container\" data-e-type=\"container\">\n\t\t\t\t\t<div class=\"e-con-inner\">\n\t\t<div class=\"elementor-element elementor-element-353b11e e-con-full e-flex e-con e-child\" data-id=\"353b11e\" data-element_type=\"container\" data-e-type=\"container\">\n\t\t\t\t<div class=\"elementor-element elementor-element-202d69e elementor-widget elementor-widget-image\" data-id=\"202d69e\" data-element_type=\"widget\" data-e-type=\"widget\" data-widget_type=\"image.default\">\n\t\t\t\t<div class=\"elementor-widget-container\">\n\t\t\t\t\t\t\t\t\t\t\t\t\t\t\t<img fetchpriority=\"high\" decoding=\"async\" width=\"768\" height=\"644\" src=\"https:\/\/homeofhomes.lu\/wp-content\/uploads\/2026\/01\/Part-1-768x644.png\" class=\"attachment-medium_large size-medium_large wp-image-2560\" alt=\"\" srcset=\"https:\/\/homeofhomes.lu\/wp-content\/uploads\/2026\/01\/Part-1-768x644.png 768w, https:\/\/homeofhomes.lu\/wp-content\/uploads\/2026\/01\/Part-1-300x251.png 300w, https:\/\/homeofhomes.lu\/wp-content\/uploads\/2026\/01\/Part-1-138x116.png 138w, https:\/\/homeofhomes.lu\/wp-content\/uploads\/2026\/01\/Part-1.png 940w\" sizes=\"(max-width: 768px) 100vw, 768px\" \/>\t\t\t\t\t\t\t\t\t\t\t\t\t\t\t<\/div>\n\t\t\t\t<\/div>\n\t\t\t\t<\/div>\n\t\t<div class=\"elementor-element elementor-element-b04be70 e-con-full e-flex e-con e-child\" data-id=\"b04be70\" data-element_type=\"container\" data-e-type=\"container\">\n\t\t\t\t<div class=\"elementor-element elementor-element-916f2a3 elementor-widget elementor-widget-spacer\" data-id=\"916f2a3\" data-element_type=\"widget\" data-e-type=\"widget\" data-widget_type=\"spacer.default\">\n\t\t\t\t<div class=\"elementor-widget-container\">\n\t\t\t\t\t\t\t<div class=\"elementor-spacer\">\n\t\t\t<div class=\"elementor-spacer-inner\"><\/div>\n\t\t<\/div>\n\t\t\t\t\t\t<\/div>\n\t\t\t\t<\/div>\n\t\t\t\t<div class=\"elementor-element elementor-element-8f4c366 elementor-widget elementor-widget-text-editor\" data-id=\"8f4c366\" data-element_type=\"widget\" data-e-type=\"widget\" data-widget_type=\"text-editor.default\">\n\t\t\t\t<div class=\"elementor-widget-container\">\n\t\t\t\t\t\t\t\t\t<h2 class=\"wp-block-heading\">Notre Engagement<\/h2>\n<p>Chez\u00a0 Home of Homes, nous accordons de l\u2019importance aux aspects \u00e9cologiques, au d\u00e9veloppement durable et \u00e0 la consommation d\u2019\u00e9nergie dans toutes nos activit\u00e9s. Nous pensons que la protection de l\u2019environnement est primordiale, et nous nous effor\u00e7ons de vous livrer un produit final moderne, de haute qualit\u00e9 et respectueux de l\u2019environnement. Laissez-nous vous aider d\u00e8s aujourd\u2019hui \u00e0 construire la maison de vos r\u00eaves ! Chez Home of Homes, vous vous sentirez comme chez vous, car nous sommes le foyer de votre futur foyer !<\/p>\t\t\t\t\t\t\t\t<\/div>\n\t\t\t\t<\/div>\n\t\t\t\t<\/div>\n\t\t<div class=\"elementor-element elementor-element-d9c4aab e-con-full e-flex e-con e-child\" data-id=\"d9c4aab\" data-element_type=\"container\" data-e-type=\"container\">\n\t\t\t\t<div class=\"elementor-element elementor-element-84b0844 elementor-widget elementor-widget-spacer\" data-id=\"84b0844\" data-element_type=\"widget\" data-e-type=\"widget\" data-widget_type=\"spacer.default\">\n\t\t\t\t<div class=\"elementor-widget-container\">\n\t\t\t\t\t\t\t<div class=\"elementor-spacer\">\n\t\t\t<div class=\"elementor-spacer-inner\"><\/div>\n\t\t<\/div>\n\t\t\t\t\t\t<\/div>\n\t\t\t\t<\/div>\n\t\t\t\t<div class=\"elementor-element elementor-element-15016fc elementor-widget elementor-widget-text-editor\" data-id=\"15016fc\" data-element_type=\"widget\" data-e-type=\"widget\" data-widget_type=\"text-editor.default\">\n\t\t\t\t<div class=\"elementor-widget-container\">\n\t\t\t\t\t\t\t\t\t<p>Home of Homes est votre endroit unique qui s\u2019occupe de toutes les d\u00e9marches n\u00e9cessaires afin de r\u00e9aliser votre projet. De la recherche du terrain \u00e0 la construction de votre maison, nous sommes l\u00e0 pour vous aider \u00e0 chaque \u00e9tape du processus.<\/p>\n<p><!-- \/wp:media-text --><!-- wp:list --><\/p>\n<ul class=\"wp-block-list\"><!-- wp:list-item -->\n<li>Recherche du terrain id\u00e9al<\/li>\n<!-- \/wp:list-item --><!-- wp:list-item -->\n<li>Le traitement du dossier bancaire<\/li>\n<!-- \/wp:list-item --><!-- wp:list-item -->\n<li>Le passage chez le notaire<\/li>\n<!-- \/wp:list-item --><!-- wp:list-item -->\n<li>La planification \u00e0 travers le g\u00e9om\u00e8tre et l\u2019architecte<\/li>\n<!-- \/wp:list-item --><!-- wp:list-item -->\n<li>Les processus administratifs communaux<\/li>\n<!-- \/wp:list-item --><!-- wp:list-item -->\n<li>Remise de cl\u00e9s de votre nouvelle maison, construite selon les plans et les commodit\u00e9s que vous aurez choisi et dans le niveau de finition souhait\u00e9 (gros \u0153uvre, cl\u00e9 en mains etc)<\/li>\n<!-- \/wp:list-item --><\/ul>\n<p><!-- \/wp:list --><!-- wp:paragraph --><\/p>\n<p>A travers ces processus, nous avons compris que chaque client a des besoins sp\u00e9cifiques et afin de r\u00e9pondre \u00e0 ces besoins, nous avons mis en place une solution pionnier qui demeure sur le mod\u00e8le des 4 axes !<\/p>\t\t\t\t\t\t\t\t<\/div>\n\t\t\t\t<\/div>\n\t\t\t\t<\/div>\n\t\t<div class=\"elementor-element elementor-element-185546e e-con-full e-flex e-con e-child\" data-id=\"185546e\" data-element_type=\"container\" data-e-type=\"container\">\n\t\t\t\t<div class=\"elementor-element elementor-element-ea6c76b elementor-widget elementor-widget-image\" data-id=\"ea6c76b\" data-element_type=\"widget\" data-e-type=\"widget\" data-widget_type=\"image.default\">\n\t\t\t\t<div class=\"elementor-widget-container\">\n\t\t\t\t\t\t\t\t\t\t\t\t\t\t\t<img decoding=\"async\" width=\"768\" height=\"644\" src=\"https:\/\/homeofhomes.lu\/wp-content\/uploads\/2026\/01\/6-768x644.png\" class=\"attachment-medium_large size-medium_large wp-image-2582\" alt=\"\" srcset=\"https:\/\/homeofhomes.lu\/wp-content\/uploads\/2026\/01\/6-768x644.png 768w, https:\/\/homeofhomes.lu\/wp-content\/uploads\/2026\/01\/6-300x251.png 300w, https:\/\/homeofhomes.lu\/wp-content\/uploads\/2026\/01\/6-138x116.png 138w, https:\/\/homeofhomes.lu\/wp-content\/uploads\/2026\/01\/6.png 940w\" sizes=\"(max-width: 768px) 100vw, 768px\" \/>\t\t\t\t\t\t\t\t\t\t\t\t\t\t\t<\/div>\n\t\t\t\t<\/div>\n\t\t\t\t<\/div>\n\t\t\t\t\t<\/div>\n\t\t\t\t<\/div>\n\t\t<div class=\"elementor-element elementor-element-a6f5c79 e-flex e-con-boxed e-con e-parent\" data-id=\"a6f5c79\" data-element_type=\"container\" data-e-type=\"container\">\n\t\t\t\t\t<div class=\"e-con-inner\">\n\t\t\t\t<div class=\"elementor-element elementor-element-b277f3f elementor-widget elementor-widget-spacer\" data-id=\"b277f3f\" data-element_type=\"widget\" data-e-type=\"widget\" data-widget_type=\"spacer.default\">\n\t\t\t\t<div class=\"elementor-widget-container\">\n\t\t\t\t\t\t\t<div class=\"elementor-spacer\">\n\t\t\t<div class=\"elementor-spacer-inner\"><\/div>\n\t\t<\/div>\n\t\t\t\t\t\t<\/div>\n\t\t\t\t<\/div>\n\t\t\t\t<div class=\"elementor-element elementor-element-9357217 elementor-widget elementor-widget-text-editor\" data-id=\"9357217\" data-element_type=\"widget\" data-e-type=\"widget\" data-widget_type=\"text-editor.default\">\n\t\t\t\t<div class=\"elementor-widget-container\">\n\t\t\t\t\t\t\t\t\t<h2 class=\"wp-block-heading\">Engagez-vous pour un avenir durable<\/h2>\n<p><!-- \/wp:heading --><!-- wp:paragraph --><\/p>\n<p>En combinant l\u2019innovation, l\u2019expertise et l\u2019engagement envers la pr\u00e9servation de l&#8217;environnement, Home of Homes\u00ae suit les normes les plus exigeantes dans l&#8217;industrie des maisons \u00e0 basse consommation d&#8217;\u00e9nergie. En choisissant Home of Homes\u00ae, vous optez pour un avenir meilleur pour vous-m\u00eame et pour les g\u00e9n\u00e9rations futures.<\/p>\t\t\t\t\t\t\t\t<\/div>\n\t\t\t\t<\/div>\n\t\t\t\t\t<\/div>\n\t\t\t\t<\/div>\n\t\t<div class=\"elementor-element elementor-element-f80a852 e-flex e-con-boxed e-con e-parent\" data-id=\"f80a852\" data-element_type=\"container\" data-e-type=\"container\">\n\t\t\t\t\t<div class=\"e-con-inner\">\n\t\t\t\t<div class=\"elementor-element elementor-element-31ce620 elementor-widget elementor-widget-image\" data-id=\"31ce620\" data-element_type=\"widget\" data-e-type=\"widget\" data-widget_type=\"image.default\">\n\t\t\t\t<div class=\"elementor-widget-container\">\n\t\t\t\t\t\t\t\t\t\t\t\t\t\t\t<img decoding=\"async\" width=\"900\" height=\"500\" src=\"https:\/\/homeofhomes.lu\/wp-content\/uploads\/2026\/01\/Parrt-2.png\" class=\"attachment-large size-large wp-image-2559\" alt=\"\" srcset=\"https:\/\/homeofhomes.lu\/wp-content\/uploads\/2026\/01\/Parrt-2.png 900w, https:\/\/homeofhomes.lu\/wp-content\/uploads\/2026\/01\/Parrt-2-300x167.png 300w, https:\/\/homeofhomes.lu\/wp-content\/uploads\/2026\/01\/Parrt-2-768x427.png 768w, https:\/\/homeofhomes.lu\/wp-content\/uploads\/2026\/01\/Parrt-2-209x116.png 209w\" sizes=\"(max-width: 900px) 100vw, 900px\" \/>\t\t\t\t\t\t\t\t\t\t\t\t\t\t\t<\/div>\n\t\t\t\t<\/div>\n\t\t\t\t\t<\/div>\n\t\t\t\t<\/div>\n\t\t<div class=\"elementor-element elementor-element-40bedc3 e-flex e-con-boxed e-con e-parent\" data-id=\"40bedc3\" data-element_type=\"container\" data-e-type=\"container\">\n\t\t\t\t\t<div class=\"e-con-inner\">\n\t\t\t\t<div class=\"elementor-element elementor-element-69c06b8 elementor-widget elementor-widget-spacer\" data-id=\"69c06b8\" data-element_type=\"widget\" data-e-type=\"widget\" data-widget_type=\"spacer.default\">\n\t\t\t\t<div class=\"elementor-widget-container\">\n\t\t\t\t\t\t\t<div class=\"elementor-spacer\">\n\t\t\t<div class=\"elementor-spacer-inner\"><\/div>\n\t\t<\/div>\n\t\t\t\t\t\t<\/div>\n\t\t\t\t<\/div>\n\t\t\t\t<div class=\"elementor-element elementor-element-10297ec elementor-align-center elementor-widget elementor-widget-button\" data-id=\"10297ec\" data-element_type=\"widget\" data-e-type=\"widget\" data-widget_type=\"button.default\">\n\t\t\t\t<div class=\"elementor-widget-container\">\n\t\t\t\t\t\t\t\t\t<div class=\"elementor-button-wrapper\">\n\t\t\t\t\t<a class=\"elementor-button elementor-button-link elementor-size-sm\" href=\"#\">\n\t\t\t\t\t\t<span class=\"elementor-button-content-wrapper\">\n\t\t\t\t\t\t\t\t\t<span class=\"elementor-button-text\">Prenez rendez-vous<\/span>\n\t\t\t\t\t<\/span>\n\t\t\t\t\t<\/a>\n\t\t\t\t<\/div>\n\t\t\t\t\t\t\t\t<\/div>\n\t\t\t\t<\/div>\n\t\t\t\t\t<\/div>\n\t\t\t\t<\/div>\n\t\t\t\t<\/div>\n\t\t","protected":false},"excerpt":{"rendered":"<p>Avec tout sous le m\u00eame toit ! Nous nous consacrons \u00e0 vous offrir la meilleure exp\u00e9rience lors de la r\u00e9alisation &hellip; <a href=\"https:\/\/homeofhomes.lu\/?page_id=2132&#038;lang=fr\" class=\"more-link\">Continue reading <span class=\"screen-reader-text\">Notre mission<\/span><\/a><\/p>\n","protected":false},"author":1,"featured_media":0,"parent":0,"menu_order":0,"comment_status":"closed","ping_status":"closed","template":"elementor_header_footer","meta":{"footnotes":""},"class_list":["post-2132","page","type-page","status-publish","hentry"],"lang":"fr","translations":{"fr":2132,"de":2137,"en":2139},"jetpack_sharing_enabled":true,"pll_sync_post":[],"_links":{"self":[{"href":"https:\/\/homeofhomes.lu\/index.php?rest_route=\/wp\/v2\/pages\/2132","targetHints":{"allow":["GET"]}}],"collection":[{"href":"https:\/\/homeofhomes.lu\/index.php?rest_route=\/wp\/v2\/pages"}],"about":[{"href":"https:\/\/homeofhomes.lu\/index.php?rest_route=\/wp\/v2\/types\/page"}],"author":[{"embeddable":true,"href":"https:\/\/homeofhomes.lu\/index.php?rest_route=\/wp\/v2\/users\/1"}],"replies":[{"embeddable":true,"href":"https:\/\/homeofhomes.lu\/index.php?rest_route=%2Fwp%2Fv2%2Fcomments&post=2132"}],"version-history":[{"count":24,"href":"https:\/\/homeofhomes.lu\/index.php?rest_route=\/wp\/v2\/pages\/2132\/revisions"}],"predecessor-version":[{"id":2692,"href":"https:\/\/homeofhomes.lu\/index.php?rest_route=\/wp\/v2\/pages\/2132\/revisions\/2692"}],"wp:attachment":[{"href":"https:\/\/homeofhomes.lu\/index.php?rest_route=%2Fwp%2Fv2%2Fmedia&parent=2132"}],"curies":[{"name":"wp","href":"https:\/\/api.w.org\/{rel}","templated":true}]}}