{"id":2137,"date":"2024-04-12T17:43:21","date_gmt":"2024-04-12T17:43:21","guid":{"rendered":"https:\/\/homeofhomes.lu\/?page_id=2137"},"modified":"2026-01-24T16:53:59","modified_gmt":"2026-01-24T14:53:59","slug":"startseite","status":"publish","type":"page","link":"https:\/\/homeofhomes.lu\/?page_id=2137&lang=de","title":{"rendered":"Unsere Aufgabe"},"content":{"rendered":"\t\t<div data-elementor-type=\"wp-page\" data-elementor-id=\"2137\" class=\"elementor elementor-2137\">\n\t\t\t\t<div class=\"elementor-element elementor-element-52069328 e-flex e-con-boxed e-con e-parent\" data-id=\"52069328\" data-element_type=\"container\" data-e-type=\"container\">\n\t\t\t\t\t<div class=\"e-con-inner\">\n\t\t\t\t<div class=\"elementor-element elementor-element-30c764eb elementor-widget elementor-widget-text-editor\" data-id=\"30c764eb\" data-element_type=\"widget\" data-e-type=\"widget\" data-widget_type=\"text-editor.default\">\n\t\t\t\t<div class=\"elementor-widget-container\">\n\t\t\t\t\t\t\t\t\t\n<div class=\"wp-block-cover aligncenter is-light has-medium-font-size wp-duotone-unset-2\" style=\"min-height: 474px;aspect-ratio:unset;\"><video class=\"wp-block-cover__video-background intrinsic-ignore\" src=\"https:\/\/homeofhomes.lu\/wp-content\/uploads\/2024\/04\/HomeOfHomes_Video1.mp4\" autoplay=\"autoplay\" loop=\"loop\" muted=\"\" width=\"300\" height=\"150\" data-object-fit=\"cover\"><\/video>\n<div class=\"wp-block-cover__inner-container is-layout-flow wp-block-cover-is-layout-flow\">\n<h1 class=\"wp-block-heading has-text-align-center has-white-color has-text-color\">Die all-in-one Immobilienerfahrung<\/h1>\n<\/div>\n<\/div>\n\n<p>Alles unter einem Dach! Wir widmen uns der Bereitstellung der besten Erfahrung bei der Verwirklichung Ihres Immobilienprojekts durch die Schaffung nachhaltiger und umweltfreundlicher H\u00e4user.<\/p>\n\t\t\t\t\t\t\t\t<\/div>\n\t\t\t\t<\/div>\n\t\t\t\t\t<\/div>\n\t\t\t\t<\/div>\n\t\t<div class=\"elementor-element elementor-element-e3b42b8 elementor-hidden-tablet elementor-hidden-mobile e-flex e-con-boxed e-con e-parent\" data-id=\"e3b42b8\" data-element_type=\"container\" data-e-type=\"container\">\n\t\t\t\t\t<div class=\"e-con-inner\">\n\t\t<div class=\"elementor-element elementor-element-a31c483 e-con-full e-flex e-con e-child\" data-id=\"a31c483\" data-element_type=\"container\" data-e-type=\"container\">\n\t\t\t\t<div class=\"elementor-element elementor-element-d96b873 elementor-widget elementor-widget-image\" data-id=\"d96b873\" data-element_type=\"widget\" data-e-type=\"widget\" data-widget_type=\"image.default\">\n\t\t\t\t<div class=\"elementor-widget-container\">\n\t\t\t\t\t\t\t\t\t\t\t\t\t\t\t<img fetchpriority=\"high\" decoding=\"async\" width=\"768\" height=\"644\" src=\"https:\/\/homeofhomes.lu\/wp-content\/uploads\/2026\/01\/Part-1-768x644.png\" class=\"attachment-medium_large size-medium_large wp-image-2560\" alt=\"\" srcset=\"https:\/\/homeofhomes.lu\/wp-content\/uploads\/2026\/01\/Part-1-768x644.png 768w, https:\/\/homeofhomes.lu\/wp-content\/uploads\/2026\/01\/Part-1-300x251.png 300w, https:\/\/homeofhomes.lu\/wp-content\/uploads\/2026\/01\/Part-1-138x116.png 138w, https:\/\/homeofhomes.lu\/wp-content\/uploads\/2026\/01\/Part-1.png 940w\" sizes=\"(max-width: 768px) 100vw, 768px\" \/>\t\t\t\t\t\t\t\t\t\t\t\t\t\t\t<\/div>\n\t\t\t\t<\/div>\n\t\t\t\t<\/div>\n\t\t<div class=\"elementor-element elementor-element-3d86928 e-con-full e-flex e-con e-child\" data-id=\"3d86928\" data-element_type=\"container\" data-e-type=\"container\">\n\t\t\t\t<div class=\"elementor-element elementor-element-a5a4608 elementor-widget elementor-widget-spacer\" data-id=\"a5a4608\" data-element_type=\"widget\" data-e-type=\"widget\" data-widget_type=\"spacer.default\">\n\t\t\t\t<div class=\"elementor-widget-container\">\n\t\t\t\t\t\t\t<div class=\"elementor-spacer\">\n\t\t\t<div class=\"elementor-spacer-inner\"><\/div>\n\t\t<\/div>\n\t\t\t\t\t\t<\/div>\n\t\t\t\t<\/div>\n\t\t\t\t<div class=\"elementor-element elementor-element-c13198b elementor-widget elementor-widget-text-editor\" data-id=\"c13198b\" data-element_type=\"widget\" data-e-type=\"widget\" data-widget_type=\"text-editor.default\">\n\t\t\t\t<div class=\"elementor-widget-container\">\n\t\t\t\t\t\t\t\t\t<h3 class=\"wp-block-heading\"><em>Unser Engagement<\/em><\/h3>\n<h2 class=\"wp-block-heading\"><!-- \/wp:heading --><!-- wp:paragraph --><\/h2>\n<p>Bei Home of Homes legen wir Wert auf \u00f6kologische Aspekte, nachhaltige Entwicklung und Energieverbrauch in all unseren Aktivit\u00e4ten. Wir glauben, dass der Umweltschutz von gr\u00f6\u00dfter Bedeutung ist, und wir bem\u00fchen uns, Ihnen ein modernes, hochwertiges und umweltfreundliches Endprodukt zu liefern. Lassen Sie uns Ihnen heute helfen, das Haus Ihrer Tr\u00e4ume zu bauen! Bei Home of Homes werden Sie sich wie zu Hause f\u00fchlen, denn wir sind das Zuhause Ihres zuk\u00fcnftigen Zuhauses!<\/p>\t\t\t\t\t\t\t\t<\/div>\n\t\t\t\t<\/div>\n\t\t\t\t<\/div>\n\t\t<div class=\"elementor-element elementor-element-693bca1 e-con-full e-flex e-con e-child\" data-id=\"693bca1\" data-element_type=\"container\" data-e-type=\"container\">\n\t\t\t\t<div class=\"elementor-element elementor-element-ff4874a elementor-widget elementor-widget-spacer\" data-id=\"ff4874a\" data-element_type=\"widget\" data-e-type=\"widget\" data-widget_type=\"spacer.default\">\n\t\t\t\t<div class=\"elementor-widget-container\">\n\t\t\t\t\t\t\t<div class=\"elementor-spacer\">\n\t\t\t<div class=\"elementor-spacer-inner\"><\/div>\n\t\t<\/div>\n\t\t\t\t\t\t<\/div>\n\t\t\t\t<\/div>\n\t\t\t\t<div class=\"elementor-element elementor-element-5f9ea59 elementor-widget elementor-widget-text-editor\" data-id=\"5f9ea59\" data-element_type=\"widget\" data-e-type=\"widget\" data-widget_type=\"text-editor.default\">\n\t\t\t\t<div class=\"elementor-widget-container\">\n\t\t\t\t\t\t\t\t\t<p>Home of Homes ist Ihr einzigartiger Ort, der alle notwendigen Schritte zur Realisierung Ihres Projekts \u00fcbernimmt. Von der Grundst\u00fcckssuche bis zum Bau Ihres Hauses sind wir hier, um Ihnen in jedem Schritt des Prozesses zu helfen.<\/p>\n<ul>\n<li>Suche nach dem idealen Grundst\u00fcck<\/li>\n<!-- \/wp:list-item --><!-- wp:list-item -->\n<li>Bearbeitung des Bankdossiers<\/li>\n<!-- \/wp:list-item --><!-- wp:list-item -->\n<li>Der Gang zum Notar<\/li>\n<!-- \/wp:list-item --><!-- wp:list-item -->\n<li>Planung durch den Vermesser und den Architekten<\/li>\n<!-- \/wp:list-item --><!-- wp:list-item -->\n<li>Kommunale Verwaltungsprozesse<\/li>\n<!-- \/wp:list-item --><!-- wp:list-item -->\n<li>\u00dcbergabe der Schl\u00fcssel Ihres neuen Hauses, gebaut nach den Pl\u00e4nen und Annehmlichkeiten, die Sie gew\u00e4hlt haben, und im gew\u00fcnschten Fertigstellungsgrad (Rohbau, schl\u00fcsselfertig usw.)<\/li>\n<!-- \/wp:list-item --><\/ul>\n<p><!-- \/wp:list --><!-- wp:paragraph --><\/p>\n<p>Durch diese Prozesse haben wir verstanden, dass jeder Kunde spezifische Bed\u00fcrfnisse hat und um diesen Bed\u00fcrfnissen gerecht zu werden, haben wir eine wegweisende L\u00f6sung entwickelt, die auf dem Modell der 4 Achsen basiert!<\/p>\t\t\t\t\t\t\t\t<\/div>\n\t\t\t\t<\/div>\n\t\t\t\t<\/div>\n\t\t<div class=\"elementor-element elementor-element-7a72e7b e-con-full e-flex e-con e-child\" data-id=\"7a72e7b\" data-element_type=\"container\" data-e-type=\"container\">\n\t\t\t\t<div class=\"elementor-element elementor-element-9730496 elementor-widget elementor-widget-image\" data-id=\"9730496\" data-element_type=\"widget\" data-e-type=\"widget\" data-widget_type=\"image.default\">\n\t\t\t\t<div class=\"elementor-widget-container\">\n\t\t\t\t\t\t\t\t\t\t\t\t\t\t\t<img decoding=\"async\" width=\"768\" height=\"644\" src=\"https:\/\/homeofhomes.lu\/wp-content\/uploads\/2026\/01\/6-768x644.png\" class=\"attachment-medium_large size-medium_large wp-image-2582\" alt=\"\" srcset=\"https:\/\/homeofhomes.lu\/wp-content\/uploads\/2026\/01\/6-768x644.png 768w, https:\/\/homeofhomes.lu\/wp-content\/uploads\/2026\/01\/6-300x251.png 300w, https:\/\/homeofhomes.lu\/wp-content\/uploads\/2026\/01\/6-138x116.png 138w, https:\/\/homeofhomes.lu\/wp-content\/uploads\/2026\/01\/6.png 940w\" sizes=\"(max-width: 768px) 100vw, 768px\" \/>\t\t\t\t\t\t\t\t\t\t\t\t\t\t\t<\/div>\n\t\t\t\t<\/div>\n\t\t\t\t<\/div>\n\t\t\t\t\t<\/div>\n\t\t\t\t<\/div>\n\t\t<div class=\"elementor-element elementor-element-62f39f9 elementor-hidden-desktop elementor-hidden-tablet e-flex e-con-boxed e-con e-parent\" data-id=\"62f39f9\" data-element_type=\"container\" data-e-type=\"container\">\n\t\t\t\t\t<div class=\"e-con-inner\">\n\t\t<div class=\"elementor-element elementor-element-ce43b5f e-con-full e-flex e-con e-child\" data-id=\"ce43b5f\" data-element_type=\"container\" data-e-type=\"container\">\n\t\t\t\t<div class=\"elementor-element elementor-element-e2f3816 elementor-widget elementor-widget-text-editor\" data-id=\"e2f3816\" data-element_type=\"widget\" data-e-type=\"widget\" data-widget_type=\"text-editor.default\">\n\t\t\t\t<div class=\"elementor-widget-container\">\n\t\t\t\t\t\t\t\t\t<h3 class=\"wp-block-heading\"><em>Unser Engagement<\/em><\/h3>\n<h2 class=\"wp-block-heading\"><!-- \/wp:heading --><!-- wp:paragraph --><\/h2>\t\t\t\t\t\t\t\t<\/div>\n\t\t\t\t<\/div>\n\t\t\t\t<div class=\"elementor-element elementor-element-b14eaef elementor-widget elementor-widget-image\" data-id=\"b14eaef\" data-element_type=\"widget\" data-e-type=\"widget\" data-widget_type=\"image.default\">\n\t\t\t\t<div class=\"elementor-widget-container\">\n\t\t\t\t\t\t\t\t\t\t\t\t\t\t\t<img fetchpriority=\"high\" decoding=\"async\" width=\"768\" height=\"644\" src=\"https:\/\/homeofhomes.lu\/wp-content\/uploads\/2026\/01\/Part-1-768x644.png\" class=\"attachment-medium_large size-medium_large wp-image-2560\" alt=\"\" srcset=\"https:\/\/homeofhomes.lu\/wp-content\/uploads\/2026\/01\/Part-1-768x644.png 768w, https:\/\/homeofhomes.lu\/wp-content\/uploads\/2026\/01\/Part-1-300x251.png 300w, https:\/\/homeofhomes.lu\/wp-content\/uploads\/2026\/01\/Part-1-138x116.png 138w, https:\/\/homeofhomes.lu\/wp-content\/uploads\/2026\/01\/Part-1.png 940w\" sizes=\"(max-width: 768px) 100vw, 768px\" \/>\t\t\t\t\t\t\t\t\t\t\t\t\t\t\t<\/div>\n\t\t\t\t<\/div>\n\t\t\t\t<\/div>\n\t\t<div class=\"elementor-element elementor-element-25dff66 e-con-full e-flex e-con e-child\" data-id=\"25dff66\" data-element_type=\"container\" data-e-type=\"container\">\n\t\t\t\t<div class=\"elementor-element elementor-element-3f26bfc elementor-widget elementor-widget-spacer\" data-id=\"3f26bfc\" data-element_type=\"widget\" data-e-type=\"widget\" data-widget_type=\"spacer.default\">\n\t\t\t\t<div class=\"elementor-widget-container\">\n\t\t\t\t\t\t\t<div class=\"elementor-spacer\">\n\t\t\t<div class=\"elementor-spacer-inner\"><\/div>\n\t\t<\/div>\n\t\t\t\t\t\t<\/div>\n\t\t\t\t<\/div>\n\t\t\t\t<div class=\"elementor-element elementor-element-f0872ea elementor-widget elementor-widget-text-editor\" data-id=\"f0872ea\" data-element_type=\"widget\" data-e-type=\"widget\" data-widget_type=\"text-editor.default\">\n\t\t\t\t<div class=\"elementor-widget-container\">\n\t\t\t\t\t\t\t\t\t<p>Bei Home of Homes legen wir Wert auf \u00f6kologische Aspekte, nachhaltige Entwicklung und Energieverbrauch in all unseren Aktivit\u00e4ten. Wir glauben, dass der Umweltschutz von gr\u00f6\u00dfter Bedeutung ist, und wir bem\u00fchen uns, Ihnen ein modernes, hochwertiges und umweltfreundliches Endprodukt zu liefern. Lassen Sie uns Ihnen heute helfen, das Haus Ihrer Tr\u00e4ume zu bauen! Bei Home of Homes werden Sie sich wie zu Hause f\u00fchlen, denn wir sind das Zuhause Ihres zuk\u00fcnftigen Zuhauses!<\/p>\t\t\t\t\t\t\t\t<\/div>\n\t\t\t\t<\/div>\n\t\t\t\t<div class=\"elementor-element elementor-element-9190dac elementor-widget elementor-widget-image\" data-id=\"9190dac\" data-element_type=\"widget\" data-e-type=\"widget\" data-widget_type=\"image.default\">\n\t\t\t\t<div class=\"elementor-widget-container\">\n\t\t\t\t\t\t\t\t\t\t\t\t\t\t\t<img decoding=\"async\" width=\"768\" height=\"644\" src=\"https:\/\/homeofhomes.lu\/wp-content\/uploads\/2026\/01\/6-768x644.png\" class=\"attachment-medium_large size-medium_large wp-image-2582\" alt=\"\" srcset=\"https:\/\/homeofhomes.lu\/wp-content\/uploads\/2026\/01\/6-768x644.png 768w, https:\/\/homeofhomes.lu\/wp-content\/uploads\/2026\/01\/6-300x251.png 300w, https:\/\/homeofhomes.lu\/wp-content\/uploads\/2026\/01\/6-138x116.png 138w, https:\/\/homeofhomes.lu\/wp-content\/uploads\/2026\/01\/6.png 940w\" sizes=\"(max-width: 768px) 100vw, 768px\" \/>\t\t\t\t\t\t\t\t\t\t\t\t\t\t\t<\/div>\n\t\t\t\t<\/div>\n\t\t\t\t<div class=\"elementor-element elementor-element-36b63f6 elementor-widget elementor-widget-text-editor\" data-id=\"36b63f6\" data-element_type=\"widget\" data-e-type=\"widget\" data-widget_type=\"text-editor.default\">\n\t\t\t\t<div class=\"elementor-widget-container\">\n\t\t\t\t\t\t\t\t\t<p>Home of Homes ist Ihr einzigartiger Ort, der alle notwendigen Schritte zur Realisierung Ihres Projekts \u00fcbernimmt. Von der Grundst\u00fcckssuche bis zum Bau Ihres Hauses sind wir hier, um Ihnen in jedem Schritt des Prozesses zu helfen.<\/p>\n<p>\u2705 Suche nach dem idealen Grundst\u00fcck \u2705 Bearbeitung des Bankdossiers \u2705 Der Gang zum Notar<br data-start=\"140\" data-end=\"143\" \/>\u00a0\u2705 Planung durch den Vermesser und den Architekten<br data-start=\"192\" data-end=\"195\" \/>\u00a0\u2705 Kommunale Verwaltungsprozesse<br data-start=\"226\" data-end=\"229\" \/>\u00a0\u2705 \u00dcbergabe der Schl\u00fcssel Ihres neuen Hauses gebaut nach den Pl\u00e4nen und Annehmlichkeiten die Sie gew\u00e4hlt haben und im gew\u00fcnschten Fertigstellungsgrad Rohbau schl\u00fcsselfertig usw.<\/p>\n<p>Durch diese Prozesse haben wir verstanden, dass jeder Kunde spezifische Bed\u00fcrfnisse hat und um diesen Bed\u00fcrfnissen gerecht zu werden, haben wir eine wegweisende L\u00f6sung entwickelt, die auf dem Modell der 4 Achsen basiert!<\/p>\t\t\t\t\t\t\t\t<\/div>\n\t\t\t\t<\/div>\n\t\t\t\t<\/div>\n\t\t\t\t\t<\/div>\n\t\t\t\t<\/div>\n\t\t<div class=\"elementor-element elementor-element-021c86d elementor-hidden-desktop elementor-hidden-mobile e-flex e-con-boxed e-con e-parent\" data-id=\"021c86d\" data-element_type=\"container\" data-e-type=\"container\">\n\t\t\t\t\t<div class=\"e-con-inner\">\n\t\t<div class=\"elementor-element elementor-element-d584fac e-con-full e-flex e-con e-child\" data-id=\"d584fac\" data-element_type=\"container\" data-e-type=\"container\">\n\t\t\t\t<div class=\"elementor-element elementor-element-f5ae1fb elementor-widget elementor-widget-spacer\" data-id=\"f5ae1fb\" data-element_type=\"widget\" data-e-type=\"widget\" data-widget_type=\"spacer.default\">\n\t\t\t\t<div class=\"elementor-widget-container\">\n\t\t\t\t\t\t\t<div class=\"elementor-spacer\">\n\t\t\t<div class=\"elementor-spacer-inner\"><\/div>\n\t\t<\/div>\n\t\t\t\t\t\t<\/div>\n\t\t\t\t<\/div>\n\t\t\t\t<\/div>\n\t\t\t\t<div class=\"elementor-element elementor-element-5eb8c3b elementor-widget elementor-widget-image\" data-id=\"5eb8c3b\" data-element_type=\"widget\" data-e-type=\"widget\" data-widget_type=\"image.default\">\n\t\t\t\t<div class=\"elementor-widget-container\">\n\t\t\t\t\t\t\t\t\t\t\t\t\t\t\t<img decoding=\"async\" width=\"768\" height=\"644\" src=\"https:\/\/homeofhomes.lu\/wp-content\/uploads\/2026\/01\/6-768x644.png\" class=\"attachment-medium_large size-medium_large wp-image-2582\" alt=\"\" srcset=\"https:\/\/homeofhomes.lu\/wp-content\/uploads\/2026\/01\/6-768x644.png 768w, https:\/\/homeofhomes.lu\/wp-content\/uploads\/2026\/01\/6-300x251.png 300w, https:\/\/homeofhomes.lu\/wp-content\/uploads\/2026\/01\/6-138x116.png 138w, https:\/\/homeofhomes.lu\/wp-content\/uploads\/2026\/01\/6.png 940w\" sizes=\"(max-width: 768px) 100vw, 768px\" \/>\t\t\t\t\t\t\t\t\t\t\t\t\t\t\t<\/div>\n\t\t\t\t<\/div>\n\t\t<div class=\"elementor-element elementor-element-2ed8803 e-con-full e-flex e-con e-child\" data-id=\"2ed8803\" data-element_type=\"container\" data-e-type=\"container\">\n\t\t\t\t<div class=\"elementor-element elementor-element-7fecef0 elementor-widget elementor-widget-spacer\" data-id=\"7fecef0\" data-element_type=\"widget\" data-e-type=\"widget\" data-widget_type=\"spacer.default\">\n\t\t\t\t<div class=\"elementor-widget-container\">\n\t\t\t\t\t\t\t<div class=\"elementor-spacer\">\n\t\t\t<div class=\"elementor-spacer-inner\"><\/div>\n\t\t<\/div>\n\t\t\t\t\t\t<\/div>\n\t\t\t\t<\/div>\n\t\t\t\t<\/div>\n\t\t<div class=\"elementor-element elementor-element-07d839a e-con-full e-flex e-con e-child\" data-id=\"07d839a\" data-element_type=\"container\" data-e-type=\"container\">\n\t\t\t\t<div class=\"elementor-element elementor-element-30cd6e4 elementor-widget elementor-widget-spacer\" data-id=\"30cd6e4\" data-element_type=\"widget\" data-e-type=\"widget\" data-widget_type=\"spacer.default\">\n\t\t\t\t<div class=\"elementor-widget-container\">\n\t\t\t\t\t\t\t<div class=\"elementor-spacer\">\n\t\t\t<div class=\"elementor-spacer-inner\"><\/div>\n\t\t<\/div>\n\t\t\t\t\t\t<\/div>\n\t\t\t\t<\/div>\n\t\t\t\t<\/div>\n\t\t\t\t<div class=\"elementor-element elementor-element-a30cbf5 elementor-widget elementor-widget-text-editor\" data-id=\"a30cbf5\" data-element_type=\"widget\" data-e-type=\"widget\" data-widget_type=\"text-editor.default\">\n\t\t\t\t<div class=\"elementor-widget-container\">\n\t\t\t\t\t\t\t\t\t<h4 class=\"wp-block-heading\"><em>Unser Engagement<\/em><\/h4>\n<h2 class=\"wp-block-heading\"><!-- \/wp:heading --><!-- wp:paragraph --><\/h2>\n<p>Bei Home of Homes legen wir Wert auf \u00f6kologische Aspekte, nachhaltige Entwicklung und Energieverbrauch in all unseren Aktivit\u00e4ten. Wir glauben, dass der Umweltschutz von gr\u00f6\u00dfter Bedeutung ist, und wir bem\u00fchen uns, Ihnen ein modernes, hochwertiges und umweltfreundliches Endprodukt zu liefern. Lassen Sie uns Ihnen heute helfen, das Haus Ihrer Tr\u00e4ume zu bauen! Bei Home of Homes werden Sie sich wie zu Hause f\u00fchlen, denn wir sind das Zuhause Ihres zuk\u00fcnftigen Zuhauses!<\/p>\n<p>Home of Homes ist Ihr einzigartiger Ort, der alle notwendigen Schritte zur Realisierung Ihres Projekts \u00fcbernimmt. Von der Grundst\u00fcckssuche bis zum Bau Ihres Hauses sind wir hier, um Ihnen in jedem Schritt des Prozesses zu helfen.<\/p>\n<p>\u2705 Suche nach dem idealen Grundst\u00fcck \u2705 Bearbeitung des Bankdossiers \u2705 Der Gang zum Notar<br data-start=\"140\" data-end=\"143\" \/>\u00a0\u2705 Planung durch den Vermesser und den Architekten<br data-start=\"192\" data-end=\"195\" \/>\u00a0\u2705 Kommunale Verwaltungsprozesse<br data-start=\"226\" data-end=\"229\" \/>\u00a0\u2705 \u00dcbergabe der Schl\u00fcssel Ihres neuen Hauses gebaut nach den Pl\u00e4nen und Annehmlichkeiten die Sie gew\u00e4hlt haben und im gew\u00fcnschten Fertigstellungsgrad Rohbau schl\u00fcsselfertig usw.<\/p>\n<p><!-- \/wp:list --><!-- wp:paragraph --><\/p>\n<p>Durch diese Prozesse haben wir verstanden, dass jeder Kunde spezifische Bed\u00fcrfnisse hat und um diesen Bed\u00fcrfnissen gerecht zu werden, haben wir eine wegweisende L\u00f6sung entwickelt, die auf dem Modell der 4 Achsen basiert!<\/p>\t\t\t\t\t\t\t\t<\/div>\n\t\t\t\t<\/div>\n\t\t\t\t\t<\/div>\n\t\t\t\t<\/div>\n\t\t<div class=\"elementor-element elementor-element-7968553 e-flex e-con-boxed e-con e-parent\" data-id=\"7968553\" data-element_type=\"container\" data-e-type=\"container\">\n\t\t\t\t\t<div class=\"e-con-inner\">\n\t\t\t\t<div class=\"elementor-element elementor-element-c1098e3 elementor-widget elementor-widget-text-editor\" data-id=\"c1098e3\" data-element_type=\"widget\" data-e-type=\"widget\" data-widget_type=\"text-editor.default\">\n\t\t\t\t<div class=\"elementor-widget-container\">\n\t\t\t\t\t\t\t\t\t<h3 class=\"wp-block-heading\">Engagieren Sie sich f\u00fcr eine nachhaltige Zukunft<\/h3>\n<h2 class=\"wp-block-heading\"><!-- \/wp:heading --><!-- wp:paragraph --><\/h2>\n<p>Durch die Kombination von Innovation, Expertise und Engagement f\u00fcr den Umweltschutz erf\u00fcllt Home of Homes\u00ae die strengsten Normen in der Branche der energieeffizienten H\u00e4user. Wenn Sie sich f\u00fcr Home of Homes\u00ae entscheiden, w\u00e4hlen Sie eine bessere Zukunft f\u00fcr sich selbst und f\u00fcr kommende Generationen.<\/p>\t\t\t\t\t\t\t\t<\/div>\n\t\t\t\t<\/div>\n\t\t\t\t\t<\/div>\n\t\t\t\t<\/div>\n\t\t<div class=\"elementor-element elementor-element-9414b6b e-flex e-con-boxed e-con e-parent\" data-id=\"9414b6b\" data-element_type=\"container\" data-e-type=\"container\">\n\t\t\t\t\t<div class=\"e-con-inner\">\n\t\t\t\t<div class=\"elementor-element elementor-element-91b9d21 elementor-widget elementor-widget-image\" data-id=\"91b9d21\" data-element_type=\"widget\" data-e-type=\"widget\" data-widget_type=\"image.default\">\n\t\t\t\t<div class=\"elementor-widget-container\">\n\t\t\t\t\t\t\t\t\t\t\t\t\t\t\t<img decoding=\"async\" width=\"900\" height=\"500\" src=\"https:\/\/homeofhomes.lu\/wp-content\/uploads\/2026\/01\/Parrt-2.png\" class=\"attachment-large size-large wp-image-2559\" alt=\"\" srcset=\"https:\/\/homeofhomes.lu\/wp-content\/uploads\/2026\/01\/Parrt-2.png 900w, https:\/\/homeofhomes.lu\/wp-content\/uploads\/2026\/01\/Parrt-2-300x167.png 300w, https:\/\/homeofhomes.lu\/wp-content\/uploads\/2026\/01\/Parrt-2-768x427.png 768w, https:\/\/homeofhomes.lu\/wp-content\/uploads\/2026\/01\/Parrt-2-209x116.png 209w\" sizes=\"(max-width: 900px) 100vw, 900px\" \/>\t\t\t\t\t\t\t\t\t\t\t\t\t\t\t<\/div>\n\t\t\t\t<\/div>\n\t\t\t\t\t<\/div>\n\t\t\t\t<\/div>\n\t\t<div class=\"elementor-element elementor-element-3c3c3e7 e-flex e-con-boxed e-con e-parent\" data-id=\"3c3c3e7\" data-element_type=\"container\" data-e-type=\"container\">\n\t\t\t\t\t<div class=\"e-con-inner\">\n\t\t\t\t<div class=\"elementor-element elementor-element-54b8f39 elementor-widget elementor-widget-spacer\" data-id=\"54b8f39\" data-element_type=\"widget\" data-e-type=\"widget\" data-widget_type=\"spacer.default\">\n\t\t\t\t<div class=\"elementor-widget-container\">\n\t\t\t\t\t\t\t<div class=\"elementor-spacer\">\n\t\t\t<div class=\"elementor-spacer-inner\"><\/div>\n\t\t<\/div>\n\t\t\t\t\t\t<\/div>\n\t\t\t\t<\/div>\n\t\t\t\t<div class=\"elementor-element elementor-element-57f0b9f elementor-align-center elementor-widget elementor-widget-button\" data-id=\"57f0b9f\" data-element_type=\"widget\" data-e-type=\"widget\" data-widget_type=\"button.default\">\n\t\t\t\t<div class=\"elementor-widget-container\">\n\t\t\t\t\t\t\t\t\t<div class=\"elementor-button-wrapper\">\n\t\t\t\t\t<a class=\"elementor-button elementor-button-link elementor-size-sm\" href=\"#\">\n\t\t\t\t\t\t<span class=\"elementor-button-content-wrapper\">\n\t\t\t\t\t\t\t\t\t<span class=\"elementor-button-text\">Termin buchen<\/span>\n\t\t\t\t\t<\/span>\n\t\t\t\t\t<\/a>\n\t\t\t\t<\/div>\n\t\t\t\t\t\t\t\t<\/div>\n\t\t\t\t<\/div>\n\t\t\t\t\t<\/div>\n\t\t\t\t<\/div>\n\t\t\t\t<\/div>\n\t\t","protected":false},"excerpt":{"rendered":"<p>Alles unter einem Dach! Wir widmen uns der Bereitstellung der besten Erfahrung bei der Verwirklichung Ihres Immobilienprojekts durch die Schaffung &hellip; <a href=\"https:\/\/homeofhomes.lu\/?page_id=2137&#038;lang=de\" class=\"more-link\">Continue reading <span class=\"screen-reader-text\">Unsere Aufgabe<\/span><\/a><\/p>\n","protected":false},"author":1,"featured_media":0,"parent":0,"menu_order":0,"comment_status":"closed","ping_status":"closed","template":"elementor_header_footer","meta":{"footnotes":""},"class_list":["post-2137","page","type-page","status-publish","hentry"],"lang":"de","translations":{"de":2137,"fr":2132,"en":2139},"jetpack_sharing_enabled":true,"pll_sync_post":[],"_links":{"self":[{"href":"https:\/\/homeofhomes.lu\/index.php?rest_route=\/wp\/v2\/pages\/2137","targetHints":{"allow":["GET"]}}],"collection":[{"href":"https:\/\/homeofhomes.lu\/index.php?rest_route=\/wp\/v2\/pages"}],"about":[{"href":"https:\/\/homeofhomes.lu\/index.php?rest_route=\/wp\/v2\/types\/page"}],"author":[{"embeddable":true,"href":"https:\/\/homeofhomes.lu\/index.php?rest_route=\/wp\/v2\/users\/1"}],"replies":[{"embeddable":true,"href":"https:\/\/homeofhomes.lu\/index.php?rest_route=%2Fwp%2Fv2%2Fcomments&post=2137"}],"version-history":[{"count":21,"href":"https:\/\/homeofhomes.lu\/index.php?rest_route=\/wp\/v2\/pages\/2137\/revisions"}],"predecessor-version":[{"id":2779,"href":"https:\/\/homeofhomes.lu\/index.php?rest_route=\/wp\/v2\/pages\/2137\/revisions\/2779"}],"wp:attachment":[{"href":"https:\/\/homeofhomes.lu\/index.php?rest_route=%2Fwp%2Fv2%2Fmedia&parent=2137"}],"curies":[{"name":"wp","href":"https:\/\/api.w.org\/{rel}","templated":true}]}}