{"id":2254,"date":"2024-04-19T18:52:30","date_gmt":"2024-04-19T16:52:30","guid":{"rendered":"https:\/\/homeofhomes.lu\/?page_id=2254"},"modified":"2026-01-17T20:43:53","modified_gmt":"2026-01-17T18:43:53","slug":"le-concept","status":"publish","type":"page","link":"https:\/\/homeofhomes.lu\/?page_id=2254&lang=fr","title":{"rendered":"Le Concept"},"content":{"rendered":"\t\t<div data-elementor-type=\"wp-page\" data-elementor-id=\"2254\" class=\"elementor elementor-2254\">\n\t\t\t\t<div class=\"elementor-element elementor-element-087ebed e-flex e-con-boxed e-con e-parent\" data-id=\"087ebed\" data-element_type=\"container\" data-e-type=\"container\">\n\t\t\t\t\t<div class=\"e-con-inner\">\n\t\t\t\t<div class=\"elementor-element elementor-element-1175248 elementor-widget elementor-widget-image\" data-id=\"1175248\" data-element_type=\"widget\" data-e-type=\"widget\" data-widget_type=\"image.default\">\n\t\t\t\t<div class=\"elementor-widget-container\">\n\t\t\t\t\t\t\t\t\t\t\t\t\t\t\t<img fetchpriority=\"high\" decoding=\"async\" width=\"900\" height=\"500\" src=\"https:\/\/homeofhomes.lu\/wp-content\/uploads\/2026\/01\/Video-Home-Page-900-x-500-px-2.png\" class=\"attachment-shapely-full size-shapely-full wp-image-2602\" alt=\"\" srcset=\"https:\/\/homeofhomes.lu\/wp-content\/uploads\/2026\/01\/Video-Home-Page-900-x-500-px-2.png 900w, https:\/\/homeofhomes.lu\/wp-content\/uploads\/2026\/01\/Video-Home-Page-900-x-500-px-2-300x167.png 300w, https:\/\/homeofhomes.lu\/wp-content\/uploads\/2026\/01\/Video-Home-Page-900-x-500-px-2-768x427.png 768w, https:\/\/homeofhomes.lu\/wp-content\/uploads\/2026\/01\/Video-Home-Page-900-x-500-px-2-209x116.png 209w\" sizes=\"(max-width: 900px) 100vw, 900px\" \/>\t\t\t\t\t\t\t\t\t\t\t\t\t\t\t<\/div>\n\t\t\t\t<\/div>\n\t\t\t\t\t<\/div>\n\t\t\t\t<\/div>\n\t\t<div class=\"elementor-element elementor-element-6169912 e-flex e-con-boxed e-con e-parent\" data-id=\"6169912\" data-element_type=\"container\" data-e-type=\"container\">\n\t\t\t\t\t<div class=\"e-con-inner\">\n\t\t\t\t<div class=\"elementor-element elementor-element-13d3582 elementor-widget elementor-widget-spacer\" data-id=\"13d3582\" data-element_type=\"widget\" data-e-type=\"widget\" data-widget_type=\"spacer.default\">\n\t\t\t\t<div class=\"elementor-widget-container\">\n\t\t\t\t\t\t\t<div class=\"elementor-spacer\">\n\t\t\t<div class=\"elementor-spacer-inner\"><\/div>\n\t\t<\/div>\n\t\t\t\t\t\t<\/div>\n\t\t\t\t<\/div>\n\t\t\t\t<div class=\"elementor-element elementor-element-0af9f55 elementor-widget elementor-widget-text-editor\" data-id=\"0af9f55\" data-element_type=\"widget\" data-e-type=\"widget\" data-widget_type=\"text-editor.default\">\n\t\t\t\t<div class=\"elementor-widget-container\">\n\t\t\t\t\t\t\t\t\t<h3><em>Le concept des 4 axes (Business concept)<\/em><\/h3>\n<p>De nos jours, il n\u2019est pas facile de trouver un chez-soi qui corresponde \u00e0 vos besoins, \u00e0 votre budget et \u00e0 vos envies. Il y a de nombreux d\u00e9fis \u00e0 relever avant de pouvoir vous installer dans votre propre maison :<\/p>\n<p>\u2705 Trouver le bon terrain, qui soit bien situ\u00e9, d\u2019une surface correcte et propos\u00e9 \u00e0 un prix \u00e9quitable,\u00a0<br data-start=\"206\" data-end=\"209\" \/>\u2705 Pr\u00e9parer un dossier bancaire et l\u2019introduire aupr\u00e8s de la banque,\u00a0<br data-start=\"276\" data-end=\"279\" \/>\u2705 Faire face aux d\u00e9marches administratives, qui sont souvent compliqu\u00e9es,\u00a0<br data-start=\"351\" data-end=\"354\" \/>\u2705 Passer chez le notaire pour signer l\u2019acte de vente,\u00a0<br data-start=\"407\" data-end=\"410\" \/>\u2705 Engager un g\u00e9om\u00e8tre pour d\u00e9terminer les limites du terrain et \u00e0 l\u2019architecte pour concevoir les plans de votre maison,\u00a0<br data-start=\"530\" data-end=\"533\" \/>\u2705 Obtenir le permis de construire \u00e0 la commune,\u00a0<br data-start=\"580\" data-end=\"583\" \/>\u2705 Introduire les demandes d\u2019aides \u00e9tatiques,\u00a0<br data-start=\"627\" data-end=\"630\" \/>\u2705 Vous occuper de la construction elle-m\u00eame, qui implique de nombreuses d\u00e9cisions difficiles concernant le mat\u00e9riel, le style, l\u2019\u00e9quipement et la qualit\u00e9.<\/p>\n<p><!-- \/wp:list --><!-- wp:paragraph --><\/p>\n<p>Toutes ces \u00e9tapes peuvent vous co\u00fbter beaucoup de stress, de temps et d\u2019argent, sans vous garantir que vous serez satisfait au final\u00a0!<\/p>\n<p><em>Mais que se passerait-il s\u2019il existait une mani\u00e8re plus simple et meilleure de construire la maison de vos r\u00eaves ?<\/em><\/p>\n<p><!-- \/wp:paragraph --><!-- wp:paragraph --><\/p>\n<p><em>Home of Homes est votre partenaire fiable qui s\u2019engage \u00e0 reprendre toutes ces t\u00e2ches chronophages afin que vous n\u2019eussiez plus \u00e0 vous soucier de rien, mais seulement \u00e0 exprimer vos id\u00e9es et vos souhaits.<\/em><\/p>\n<p><!-- \/wp:paragraph --><!-- wp:paragraph --><\/p>\t\t\t\t\t\t\t\t<\/div>\n\t\t\t\t<\/div>\n\t\t\t\t<div class=\"elementor-element elementor-element-6b75259 elementor-widget elementor-widget-spacer\" data-id=\"6b75259\" data-element_type=\"widget\" data-e-type=\"widget\" data-widget_type=\"spacer.default\">\n\t\t\t\t<div class=\"elementor-widget-container\">\n\t\t\t\t\t\t\t<div class=\"elementor-spacer\">\n\t\t\t<div class=\"elementor-spacer-inner\"><\/div>\n\t\t<\/div>\n\t\t\t\t\t\t<\/div>\n\t\t\t\t<\/div>\n\t\t\t\t\t<\/div>\n\t\t\t\t<\/div>\n\t\t<div class=\"elementor-element elementor-element-cd8f629 e-flex e-con-boxed e-con e-parent\" data-id=\"cd8f629\" data-element_type=\"container\" data-e-type=\"container\">\n\t\t\t\t\t<div class=\"e-con-inner\">\n\t\t<div class=\"elementor-element elementor-element-733f560 e-con-full e-flex e-con e-child\" data-id=\"733f560\" data-element_type=\"container\" data-e-type=\"container\">\n\t\t\t\t<div class=\"elementor-element elementor-element-782fcaf elementor-widget elementor-widget-image\" data-id=\"782fcaf\" data-element_type=\"widget\" data-e-type=\"widget\" data-widget_type=\"image.default\">\n\t\t\t\t<div class=\"elementor-widget-container\">\n\t\t\t\t\t\t\t\t\t\t\t\t\t\t\t<img decoding=\"async\" width=\"768\" height=\"768\" src=\"https:\/\/homeofhomes.lu\/wp-content\/uploads\/2026\/01\/1-768x768.png\" class=\"attachment-medium_large size-medium_large wp-image-2601\" alt=\"\" srcset=\"https:\/\/homeofhomes.lu\/wp-content\/uploads\/2026\/01\/1-768x768.png 768w, https:\/\/homeofhomes.lu\/wp-content\/uploads\/2026\/01\/1-300x300.png 300w, https:\/\/homeofhomes.lu\/wp-content\/uploads\/2026\/01\/1-1024x1024.png 1024w, https:\/\/homeofhomes.lu\/wp-content\/uploads\/2026\/01\/1-150x150.png 150w, https:\/\/homeofhomes.lu\/wp-content\/uploads\/2026\/01\/1-116x116.png 116w, https:\/\/homeofhomes.lu\/wp-content\/uploads\/2026\/01\/1.png 1080w\" sizes=\"(max-width: 768px) 100vw, 768px\" \/>\t\t\t\t\t\t\t\t\t\t\t\t\t\t\t<\/div>\n\t\t\t\t<\/div>\n\t\t\t\t<\/div>\n\t\t<div class=\"elementor-element elementor-element-46931ff e-con-full e-flex e-con e-child\" data-id=\"46931ff\" data-element_type=\"container\" data-e-type=\"container\">\n\t\t\t\t<div class=\"elementor-element elementor-element-e123525 elementor-widget elementor-widget-image\" data-id=\"e123525\" data-element_type=\"widget\" data-e-type=\"widget\" data-widget_type=\"image.default\">\n\t\t\t\t<div class=\"elementor-widget-container\">\n\t\t\t\t\t\t\t\t\t\t\t\t\t\t\t<img decoding=\"async\" width=\"768\" height=\"768\" src=\"https:\/\/homeofhomes.lu\/wp-content\/uploads\/2026\/01\/2-768x768.png\" class=\"attachment-medium_large size-medium_large wp-image-2598\" alt=\"\" srcset=\"https:\/\/homeofhomes.lu\/wp-content\/uploads\/2026\/01\/2-768x768.png 768w, https:\/\/homeofhomes.lu\/wp-content\/uploads\/2026\/01\/2-300x300.png 300w, https:\/\/homeofhomes.lu\/wp-content\/uploads\/2026\/01\/2-1024x1024.png 1024w, https:\/\/homeofhomes.lu\/wp-content\/uploads\/2026\/01\/2-150x150.png 150w, https:\/\/homeofhomes.lu\/wp-content\/uploads\/2026\/01\/2-116x116.png 116w, https:\/\/homeofhomes.lu\/wp-content\/uploads\/2026\/01\/2.png 1080w\" sizes=\"(max-width: 768px) 100vw, 768px\" \/>\t\t\t\t\t\t\t\t\t\t\t\t\t\t\t<\/div>\n\t\t\t\t<\/div>\n\t\t\t\t<\/div>\n\t\t<div class=\"elementor-element elementor-element-bebe931 e-con-full e-flex e-con e-child\" data-id=\"bebe931\" data-element_type=\"container\" data-e-type=\"container\">\n\t\t\t\t<div class=\"elementor-element elementor-element-c55b025 elementor-widget elementor-widget-text-editor\" data-id=\"c55b025\" data-element_type=\"widget\" data-e-type=\"widget\" data-widget_type=\"text-editor.default\">\n\t\t\t\t<div class=\"elementor-widget-container\">\n\t\t\t\t\t\t\t\t\t<h3><em>Conseil<\/em><\/h3>\n<p>Recherche du terrain qui correspond \u00e0 vos exigences et \u00e0 votre budget. Nous nous occupons de toutes les proc\u00e9dures bancaires (15 ans d\u2019exp\u00e9rience bancaire), pour vous assurer le meilleur financement. Nous effectuons toutes les d\u00e9marches administratives locales, pour vous obtenir les autorisations n\u00e9cessaires. Nous vous accompagnons lors des processus du notaire, du g\u00e9om\u00e8tre et de l\u2019architecte, pour vous offrir le meilleur conseil juridique et technique. Nous sommes \u00e0 votre disposition \u00e0 tout moment, pour r\u00e9pondre \u00e0 vos questions et dissiper vos inqui\u00e9tudes.<\/p>\t\t\t\t\t\t\t\t<\/div>\n\t\t\t\t<\/div>\n\t\t\t\t<\/div>\n\t\t<div class=\"elementor-element elementor-element-42e1617 e-con-full e-flex e-con e-child\" data-id=\"42e1617\" data-element_type=\"container\" data-e-type=\"container\">\n\t\t\t\t<div class=\"elementor-element elementor-element-169c6f1 elementor-widget elementor-widget-text-editor\" data-id=\"169c6f1\" data-element_type=\"widget\" data-e-type=\"widget\" data-widget_type=\"text-editor.default\">\n\t\t\t\t<div class=\"elementor-widget-container\">\n\t\t\t\t\t\t\t\t\t<h3><em>Environnement<\/em><\/h3>\n<p>La construction respecte au maximum la durabilit\u00e9, l\u2019environnement, l\u2019\u00e9cologie et la faible consommation d\u2019\u00e9nergie. Elle pr\u00e9serve l\u2019environnement, favorise la sant\u00e9 et le bien \u00eatre \u00e0 travers l\u2019utilisons des mat\u00e9riaux \u00e9cologiques. L\u2019int\u00e9gration des \u00e9nergies renouvelables, comme les panneaux solaires et les pompes \u00e0 chaleur, dans nos maisons, r\u00e9duisent la consommation d\u2019\u00e9nergie et augmentent l\u2019efficacit\u00e9 \u00e9nerg\u00e9tique. Nos maisons sont con\u00e7ues de mani\u00e8re \u00e0 ce qu\u2019elles s\u2019int\u00e8grent harmonieusement dans le paysage et qu\u2019elles respectent la beaut\u00e9 naturelle de l\u2019environnement. Nous contribuons \u00e0 r\u00e9duire l\u2019empreinte \u00e9cologique et \u00e0 apporter une contribution positive \u00e0 la protection du climat.<\/p>\t\t\t\t\t\t\t\t<\/div>\n\t\t\t\t<\/div>\n\t\t\t\t<\/div>\n\t\t\t\t\t<\/div>\n\t\t\t\t<\/div>\n\t\t<div class=\"elementor-element elementor-element-6102517 e-flex e-con-boxed e-con e-parent\" data-id=\"6102517\" data-element_type=\"container\" data-e-type=\"container\">\n\t\t\t\t\t<div class=\"e-con-inner\">\n\t\t<div class=\"elementor-element elementor-element-42c1df7 e-con-full e-flex e-con e-child\" data-id=\"42c1df7\" data-element_type=\"container\" data-e-type=\"container\">\n\t\t\t\t<div class=\"elementor-element elementor-element-759ced4 elementor-widget elementor-widget-image\" data-id=\"759ced4\" data-element_type=\"widget\" data-e-type=\"widget\" data-widget_type=\"image.default\">\n\t\t\t\t<div class=\"elementor-widget-container\">\n\t\t\t\t\t\t\t\t\t\t\t\t\t\t\t<img loading=\"lazy\" decoding=\"async\" width=\"768\" height=\"768\" src=\"https:\/\/homeofhomes.lu\/wp-content\/uploads\/2026\/01\/3-768x768.png\" class=\"attachment-medium_large size-medium_large wp-image-2599\" alt=\"\" srcset=\"https:\/\/homeofhomes.lu\/wp-content\/uploads\/2026\/01\/3-768x768.png 768w, https:\/\/homeofhomes.lu\/wp-content\/uploads\/2026\/01\/3-300x300.png 300w, https:\/\/homeofhomes.lu\/wp-content\/uploads\/2026\/01\/3-1024x1024.png 1024w, https:\/\/homeofhomes.lu\/wp-content\/uploads\/2026\/01\/3-150x150.png 150w, https:\/\/homeofhomes.lu\/wp-content\/uploads\/2026\/01\/3-116x116.png 116w, https:\/\/homeofhomes.lu\/wp-content\/uploads\/2026\/01\/3.png 1080w\" sizes=\"(max-width: 768px) 100vw, 768px\" \/>\t\t\t\t\t\t\t\t\t\t\t\t\t\t\t<\/div>\n\t\t\t\t<\/div>\n\t\t\t\t<\/div>\n\t\t<div class=\"elementor-element elementor-element-eb2e379 e-con-full e-flex e-con e-child\" data-id=\"eb2e379\" data-element_type=\"container\" data-e-type=\"container\">\n\t\t\t\t<div class=\"elementor-element elementor-element-58eee62 elementor-widget elementor-widget-image\" data-id=\"58eee62\" data-element_type=\"widget\" data-e-type=\"widget\" data-widget_type=\"image.default\">\n\t\t\t\t<div class=\"elementor-widget-container\">\n\t\t\t\t\t\t\t\t\t\t\t\t\t\t\t<img loading=\"lazy\" decoding=\"async\" width=\"768\" height=\"768\" src=\"https:\/\/homeofhomes.lu\/wp-content\/uploads\/2026\/01\/4-768x768.png\" class=\"attachment-medium_large size-medium_large wp-image-2600\" alt=\"\" srcset=\"https:\/\/homeofhomes.lu\/wp-content\/uploads\/2026\/01\/4-768x768.png 768w, https:\/\/homeofhomes.lu\/wp-content\/uploads\/2026\/01\/4-300x300.png 300w, https:\/\/homeofhomes.lu\/wp-content\/uploads\/2026\/01\/4-1024x1024.png 1024w, https:\/\/homeofhomes.lu\/wp-content\/uploads\/2026\/01\/4-150x150.png 150w, https:\/\/homeofhomes.lu\/wp-content\/uploads\/2026\/01\/4-116x116.png 116w, https:\/\/homeofhomes.lu\/wp-content\/uploads\/2026\/01\/4.png 1080w\" sizes=\"(max-width: 768px) 100vw, 768px\" \/>\t\t\t\t\t\t\t\t\t\t\t\t\t\t\t<\/div>\n\t\t\t\t<\/div>\n\t\t\t\t<\/div>\n\t\t<div class=\"elementor-element elementor-element-b4d50c3 e-con-full e-flex e-con e-child\" data-id=\"b4d50c3\" data-element_type=\"container\" data-e-type=\"container\">\n\t\t\t\t<div class=\"elementor-element elementor-element-aa7bbb7 elementor-widget elementor-widget-text-editor\" data-id=\"aa7bbb7\" data-element_type=\"widget\" data-e-type=\"widget\" data-widget_type=\"text-editor.default\">\n\t\t\t\t<div class=\"elementor-widget-container\">\n\t\t\t\t\t\t\t\t\t<h3><em>Patrimoine<\/em><\/h3>\n<p>Nous veillons d\u00e8s la recherche du terrain et apr\u00e8s la construction de la maison, \u00e0 ce qu\u2019elle corresponde \u00e0 sa valeur marchande et qu\u2019elle prenne m\u00eame de la valeur en cas de revente ult\u00e9rieure. Nous vous aidons \u00e0 entretenir et \u00e0 am\u00e9liorer votre maison, en vous donnant des conseils et des astuces pour la prot\u00e9ger et l\u2019embellir. Nous vous proposons \u00e9galement un service apr\u00e8s-vente et nous sommes \u00e9galement \u00e0 votre disposition si vous souhaitez vendre ou louer votre maison, en vous offrant les meilleures conditions et opportunit\u00e9s.<\/p>\t\t\t\t\t\t\t\t<\/div>\n\t\t\t\t<\/div>\n\t\t\t\t<\/div>\n\t\t<div class=\"elementor-element elementor-element-fd26334 e-con-full e-flex e-con e-child\" data-id=\"fd26334\" data-element_type=\"container\" data-e-type=\"container\">\n\t\t\t\t<div class=\"elementor-element elementor-element-7dbd297 elementor-widget elementor-widget-text-editor\" data-id=\"7dbd297\" data-element_type=\"widget\" data-e-type=\"widget\" data-widget_type=\"text-editor.default\">\n\t\t\t\t<div class=\"elementor-widget-container\">\n\t\t\t\t\t\t\t\t\t<h3><em>R\u00e9alisation<\/em><\/h3>\n<p>Nous prenons en charge tous les aspects techniques de la construction de la maison, ainsi que la construction elle-m\u00eame (partenaire exp\u00e9riment\u00e9 8 ans). Nous construisons votre maison selon les plans et les commodit\u00e9s que vous choisissez, avec des mat\u00e9riaux de qualit\u00e9 et des professionnels qualifi\u00e9s. Nous vous garantissons une r\u00e9alisation rapide et efficace, qui respecte toutes les normes de s\u00e9curit\u00e9 et de qualit\u00e9. Nous supervisons tout le processus de construction, pour nous assurer que tout se d\u00e9roule selon le plan. Nous vous remettons les cl\u00e9s de votre nouvelle maison, qui est pr\u00eate \u00e0 \u00eatre habit\u00e9e par vous.<\/p>\t\t\t\t\t\t\t\t<\/div>\n\t\t\t\t<\/div>\n\t\t\t\t<div class=\"elementor-element elementor-element-c1d4534 elementor-widget elementor-widget-spacer\" data-id=\"c1d4534\" data-element_type=\"widget\" data-e-type=\"widget\" data-widget_type=\"spacer.default\">\n\t\t\t\t<div class=\"elementor-widget-container\">\n\t\t\t\t\t\t\t<div class=\"elementor-spacer\">\n\t\t\t<div class=\"elementor-spacer-inner\"><\/div>\n\t\t<\/div>\n\t\t\t\t\t\t<\/div>\n\t\t\t\t<\/div>\n\t\t\t\t<\/div>\n\t\t\t\t\t<\/div>\n\t\t\t\t<\/div>\n\t\t<div class=\"elementor-element elementor-element-ef25b19 e-flex e-con-boxed e-con e-parent\" data-id=\"ef25b19\" data-element_type=\"container\" data-e-type=\"container\">\n\t\t\t\t\t<div class=\"e-con-inner\">\n\t\t\t\t<div class=\"elementor-element elementor-element-bccf43e elementor-widget elementor-widget-text-editor\" data-id=\"bccf43e\" data-element_type=\"widget\" data-e-type=\"widget\" data-widget_type=\"text-editor.default\">\n\t\t\t\t<div class=\"elementor-widget-container\">\n\t\t\t\t\t\t\t\t\t<h6>Comme vous pouvez le voir, chez Home of Homes, nous sommes plus qu\u2019une simple entreprise immobili\u00e8re. Nous sommes votre partenaire, qui vous aide \u00e0 r\u00e9aliser votre r\u00eave de poss\u00e9der votre propre maison.<\/h6>\n<h6><!-- \/wp:paragraph --><!-- wp:paragraph --><\/h6>\n<h6>Contactez-nous d\u00e8s aujourd\u2019hui, et commen\u00e7ons ensemble votre projet !<\/h6>\n<h6><!-- \/wp:paragraph --><!-- wp:paragraph --><\/h6>\n<h6>Label = 8 ans d\u2019exp\u00e9rience sur le march\u00e9 immobilier luxembourgeois + 15 ans d\u2019exp\u00e9rience dans le financement des biens immobilier).<\/h6>\n<h6><!-- \/wp:paragraph --><!-- wp:paragraph --><\/h6>\n<h6>Nous sommes fiers de notre travail et nous nous engageons \u00e0 fournir un service de qualit\u00e9 sup\u00e9rieure \u00e0 tous nos clients.<\/h6>\t\t\t\t\t\t\t\t<\/div>\n\t\t\t\t<\/div>\n\t\t\t\t<div class=\"elementor-element elementor-element-8c413a3 elementor-widget elementor-widget-spacer\" data-id=\"8c413a3\" data-element_type=\"widget\" data-e-type=\"widget\" data-widget_type=\"spacer.default\">\n\t\t\t\t<div class=\"elementor-widget-container\">\n\t\t\t\t\t\t\t<div class=\"elementor-spacer\">\n\t\t\t<div class=\"elementor-spacer-inner\"><\/div>\n\t\t<\/div>\n\t\t\t\t\t\t<\/div>\n\t\t\t\t<\/div>\n\t\t\t\t<div class=\"elementor-element elementor-element-9f04ee0 elementor-align-center elementor-widget elementor-widget-button\" data-id=\"9f04ee0\" data-element_type=\"widget\" data-e-type=\"widget\" data-widget_type=\"button.default\">\n\t\t\t\t<div class=\"elementor-widget-container\">\n\t\t\t\t\t\t\t\t\t<div class=\"elementor-button-wrapper\">\n\t\t\t\t\t<a class=\"elementor-button elementor-button-link elementor-size-sm\" href=\"#\">\n\t\t\t\t\t\t<span class=\"elementor-button-content-wrapper\">\n\t\t\t\t\t\t\t\t\t<span class=\"elementor-button-text\">Prenez rendez-vous<\/span>\n\t\t\t\t\t<\/span>\n\t\t\t\t\t<\/a>\n\t\t\t\t<\/div>\n\t\t\t\t\t\t\t\t<\/div>\n\t\t\t\t<\/div>\n\t\t\t\t\t<\/div>\n\t\t\t\t<\/div>\n\t\t\t\t<\/div>\n\t\t","protected":false},"excerpt":{"rendered":"<p>Le concept des 4 axes (Business concept) De nos jours, il n\u2019est pas facile de trouver un chez-soi qui corresponde &hellip; <a href=\"https:\/\/homeofhomes.lu\/?page_id=2254&#038;lang=fr\" class=\"more-link\">Continue reading <span class=\"screen-reader-text\">Le Concept<\/span><\/a><\/p>\n","protected":false},"author":1,"featured_media":0,"parent":0,"menu_order":0,"comment_status":"closed","ping_status":"closed","template":"","meta":{"footnotes":""},"class_list":["post-2254","page","type-page","status-publish","hentry"],"lang":"fr","translations":{"fr":2254,"en":2261,"de":2263},"jetpack_sharing_enabled":true,"pll_sync_post":[],"_links":{"self":[{"href":"https:\/\/homeofhomes.lu\/index.php?rest_route=\/wp\/v2\/pages\/2254","targetHints":{"allow":["GET"]}}],"collection":[{"href":"https:\/\/homeofhomes.lu\/index.php?rest_route=\/wp\/v2\/pages"}],"about":[{"href":"https:\/\/homeofhomes.lu\/index.php?rest_route=\/wp\/v2\/types\/page"}],"author":[{"embeddable":true,"href":"https:\/\/homeofhomes.lu\/index.php?rest_route=\/wp\/v2\/users\/1"}],"replies":[{"embeddable":true,"href":"https:\/\/homeofhomes.lu\/index.php?rest_route=%2Fwp%2Fv2%2Fcomments&post=2254"}],"version-history":[{"count":15,"href":"https:\/\/homeofhomes.lu\/index.php?rest_route=\/wp\/v2\/pages\/2254\/revisions"}],"predecessor-version":[{"id":2626,"href":"https:\/\/homeofhomes.lu\/index.php?rest_route=\/wp\/v2\/pages\/2254\/revisions\/2626"}],"wp:attachment":[{"href":"https:\/\/homeofhomes.lu\/index.php?rest_route=%2Fwp%2Fv2%2Fmedia&parent=2254"}],"curies":[{"name":"wp","href":"https:\/\/api.w.org\/{rel}","templated":true}]}}