{"id":2258,"date":"2024-04-19T18:50:44","date_gmt":"2024-04-19T16:50:44","guid":{"rendered":"https:\/\/homeofhomes.lu\/?page_id=2258"},"modified":"2026-01-17T21:05:52","modified_gmt":"2026-01-17T19:05:52","slug":"developpement-durable","status":"publish","type":"page","link":"https:\/\/homeofhomes.lu\/?page_id=2258&lang=fr","title":{"rendered":"D\u00e9veloppement Durable"},"content":{"rendered":"\t\t<div data-elementor-type=\"wp-page\" data-elementor-id=\"2258\" class=\"elementor elementor-2258\">\n\t\t\t\t<div class=\"elementor-element elementor-element-cdebdf9 e-flex e-con-boxed e-con e-parent\" data-id=\"cdebdf9\" data-element_type=\"container\" data-e-type=\"container\">\n\t\t\t\t\t<div class=\"e-con-inner\">\n\t\t\t\t<div class=\"elementor-element elementor-element-d569de1 elementor-arrows-position-inside elementor-pagination-position-outside elementor-widget elementor-widget-image-carousel\" data-id=\"d569de1\" data-element_type=\"widget\" data-e-type=\"widget\" data-settings=\"{&quot;navigation&quot;:&quot;both&quot;,&quot;autoplay&quot;:&quot;yes&quot;,&quot;pause_on_hover&quot;:&quot;yes&quot;,&quot;pause_on_interaction&quot;:&quot;yes&quot;,&quot;autoplay_speed&quot;:5000,&quot;infinite&quot;:&quot;yes&quot;,&quot;speed&quot;:500}\" data-widget_type=\"image-carousel.default\">\n\t\t\t\t<div class=\"elementor-widget-container\">\n\t\t\t\t\t\t\t<div class=\"elementor-image-carousel-wrapper swiper\" role=\"region\" aria-roledescription=\"carousel\" aria-label=\"Image Carousel\" dir=\"ltr\">\n\t\t\t<div class=\"elementor-image-carousel swiper-wrapper\" aria-live=\"off\">\n\t\t\t\t\t\t\t\t<div class=\"swiper-slide\" role=\"group\" aria-roledescription=\"slide\" aria-label=\"1 sur 10\"><figure class=\"swiper-slide-inner\"><img decoding=\"async\" class=\"swiper-slide-image\" src=\"https:\/\/homeofhomes.lu\/wp-content\/uploads\/2026\/01\/6-1.png\" alt=\"6\" \/><\/figure><\/div><div class=\"swiper-slide\" role=\"group\" aria-roledescription=\"slide\" aria-label=\"2 sur 10\"><figure class=\"swiper-slide-inner\"><img decoding=\"async\" class=\"swiper-slide-image\" src=\"https:\/\/homeofhomes.lu\/wp-content\/uploads\/2026\/01\/8.png\" alt=\"8\" \/><\/figure><\/div><div class=\"swiper-slide\" role=\"group\" aria-roledescription=\"slide\" aria-label=\"3 sur 10\"><figure class=\"swiper-slide-inner\"><img decoding=\"async\" class=\"swiper-slide-image\" src=\"https:\/\/homeofhomes.lu\/wp-content\/uploads\/2026\/01\/Untitled-design-2.png\" alt=\"Untitled design (2)\" \/><\/figure><\/div><div class=\"swiper-slide\" role=\"group\" aria-roledescription=\"slide\" aria-label=\"4 sur 10\"><figure class=\"swiper-slide-inner\"><img decoding=\"async\" class=\"swiper-slide-image\" src=\"https:\/\/homeofhomes.lu\/wp-content\/uploads\/2026\/01\/9.png\" alt=\"9\" \/><\/figure><\/div><div class=\"swiper-slide\" role=\"group\" aria-roledescription=\"slide\" aria-label=\"5 sur 10\"><figure class=\"swiper-slide-inner\"><img decoding=\"async\" class=\"swiper-slide-image\" src=\"https:\/\/homeofhomes.lu\/wp-content\/uploads\/2026\/01\/13.png\" alt=\"13\" \/><\/figure><\/div><div class=\"swiper-slide\" role=\"group\" aria-roledescription=\"slide\" aria-label=\"6 sur 10\"><figure class=\"swiper-slide-inner\"><img decoding=\"async\" class=\"swiper-slide-image\" src=\"https:\/\/homeofhomes.lu\/wp-content\/uploads\/2026\/01\/10.png\" alt=\"10\" \/><\/figure><\/div><div class=\"swiper-slide\" role=\"group\" aria-roledescription=\"slide\" aria-label=\"7 sur 10\"><figure class=\"swiper-slide-inner\"><img decoding=\"async\" class=\"swiper-slide-image\" src=\"https:\/\/homeofhomes.lu\/wp-content\/uploads\/2026\/01\/11.png\" alt=\"11\" \/><\/figure><\/div><div class=\"swiper-slide\" role=\"group\" aria-roledescription=\"slide\" aria-label=\"8 sur 10\"><figure class=\"swiper-slide-inner\"><img decoding=\"async\" class=\"swiper-slide-image\" src=\"https:\/\/homeofhomes.lu\/wp-content\/uploads\/2026\/01\/12.png\" alt=\"12\" \/><\/figure><\/div><div class=\"swiper-slide\" role=\"group\" aria-roledescription=\"slide\" aria-label=\"9 sur 10\"><figure class=\"swiper-slide-inner\"><img decoding=\"async\" class=\"swiper-slide-image\" src=\"https:\/\/homeofhomes.lu\/wp-content\/uploads\/2026\/01\/14.png\" alt=\"14\" \/><\/figure><\/div><div class=\"swiper-slide\" role=\"group\" aria-roledescription=\"slide\" aria-label=\"10 sur 10\"><figure class=\"swiper-slide-inner\"><img decoding=\"async\" class=\"swiper-slide-image\" src=\"https:\/\/homeofhomes.lu\/wp-content\/uploads\/2026\/01\/7.png\" alt=\"7\" \/><\/figure><\/div>\t\t\t<\/div>\n\t\t\t\t\t\t\t\t\t\t\t\t<div class=\"elementor-swiper-button elementor-swiper-button-prev\" role=\"button\" tabindex=\"0\">\n\t\t\t\t\t\t<svg aria-hidden=\"true\" class=\"e-font-icon-svg e-eicon-chevron-left\" viewBox=\"0 0 1000 1000\" xmlns=\"http:\/\/www.w3.org\/2000\/svg\"><path d=\"M646 125C629 125 613 133 604 142L308 442C296 454 292 471 292 487 292 504 296 521 308 533L604 854C617 867 629 875 646 875 663 875 679 871 692 858 704 846 713 829 713 812 713 796 708 779 692 767L438 487 692 225C700 217 708 204 708 187 708 171 704 154 692 142 675 129 663 125 646 125Z\"><\/path><\/svg>\t\t\t\t\t<\/div>\n\t\t\t\t\t<div class=\"elementor-swiper-button elementor-swiper-button-next\" role=\"button\" tabindex=\"0\">\n\t\t\t\t\t\t<svg aria-hidden=\"true\" class=\"e-font-icon-svg e-eicon-chevron-right\" viewBox=\"0 0 1000 1000\" xmlns=\"http:\/\/www.w3.org\/2000\/svg\"><path d=\"M696 533C708 521 713 504 713 487 713 471 708 454 696 446L400 146C388 133 375 125 354 125 338 125 325 129 313 142 300 154 292 171 292 187 292 204 296 221 308 233L563 492 304 771C292 783 288 800 288 817 288 833 296 850 308 863 321 871 338 875 354 875 371 875 388 867 400 854L696 533Z\"><\/path><\/svg>\t\t\t\t\t<\/div>\n\t\t\t\t\n\t\t\t\t\t\t\t\t\t<div class=\"swiper-pagination\"><\/div>\n\t\t\t\t\t\t\t\t\t<\/div>\n\t\t\t\t\t\t<\/div>\n\t\t\t\t<\/div>\n\t\t\t\t\t<\/div>\n\t\t\t\t<\/div>\n\t\t<div class=\"elementor-element elementor-element-3182b27b e-flex e-con-boxed e-con e-parent\" data-id=\"3182b27b\" data-element_type=\"container\" data-e-type=\"container\">\n\t\t\t\t\t<div class=\"e-con-inner\">\n\t\t\t\t<div class=\"elementor-element elementor-element-13d7130d elementor-widget elementor-widget-text-editor\" data-id=\"13d7130d\" data-element_type=\"widget\" data-e-type=\"widget\" data-widget_type=\"text-editor.default\">\n\t\t\t\t<div class=\"elementor-widget-container\">\n\t\t\t\t\t\t\t\t\t\n<p><em>L\u2019habitat qui est en pleine \u00e9volution ! Faites-en part&nbsp;! L\u2019environnement est de plus en plus et plus fortement influenc\u00e9 par la fa\u00e7on de vivre et de consommer. Le changement climatique, la pollution de l\u2019air, la perte de biodiversit\u00e9 et d\u2019autres facteurs menacent l\u2019avenir de notre plan\u00e8te.<\/em><\/p>\n\n\n\n<p>Dans le domaine de la construction, la construction classique en b\u00e9ton et en blocs de b\u00e9ton est toujours la mani\u00e8re g\u00e9n\u00e9rale de construire, car c\u2019est un mat\u00e9riel tr\u00e8s robuste et solide. Il contribue par contre aussi aux probl\u00e8mes cit\u00e9s ci-dessus. Le b\u00e9ton est un mat\u00e9riau \u00e9nergivore et \u00e9metteur de CO2, qui consomme beaucoup d\u2019eau et qui g\u00e9n\u00e8re des d\u00e9chets. Les blocs de b\u00e9ton sont lourds, inflexibles et sujets aux fissures et \u00e0 l\u2019humidit\u00e9. Ils offrent peu d\u2019isolation thermique et acoustique et n\u00e9cessitent des mat\u00e9riaux et des co\u00fbts suppl\u00e9mentaires pour r\u00e9pondre \u00e0 toutes les exigences. Techniquement, ils sont cependant in\u00e9vitables lorsqu\u2019il s\u2019agit de constructions grandes et complexes, tout comme l\u2019acier.<\/p>\n\n\n\n<p>Par contre, pour les maisons individuelles, jumel\u00e9es et pour les r\u00e9sidences d\u2019habitations \u00e0 plusieurs unit\u00e9s, l\u2019utilisation des mat\u00e9riaux moins polluants peut facilement \u00eatre r\u00e9duite&nbsp;!<\/p>\n\n\n\n<p><em>En pratique, lors de la construction de votre maison, vous devez non seulement faire attention au prix, mais aussi \u00e0 la qualit\u00e9, \u00e0 l\u2019efficacit\u00e9 \u00e9nerg\u00e9tique et \u00e0 la compatibilit\u00e9 environnementale. Car une maison n\u2019est pas seulement un investissement, mais aussi un espace de vie, qui influence votre bien-\u00eatre et votre sant\u00e9.<\/em><\/p>\n\n\n\n<p>Selon le l\u00e9gislateur, la classe d\u2019efficacit\u00e9 \u00e9nerg\u00e9tique la plus basse qu\u2019un b\u00e2timent neuf \u00e0 usage d\u2019habitation doit respecter au Luxembourg est la classe B. Cela signifie que la consommation d\u2019\u00e9nergie primaire du b\u00e2timent doit \u00eatre sup\u00e9rieure \u00e0 0 et inf\u00e9rieure ou \u00e9gale \u00e0 50 kWh\/m\u00b2 par an. Les classes d\u2019efficacit\u00e9 \u00e9nerg\u00e9tique sont une mesure de la consommation d\u2019\u00e9nergie et des \u00e9missions de CO2 d\u2019un b\u00e2timent. Elles sont calcul\u00e9es \u00e0 partir de la consommation d\u2019\u00e9nergie primaire, qui indique la quantit\u00e9 d\u2019\u00e9nergie n\u00e9cessaire pour le chauffage, l\u2019eau chaude, la ventilation, l\u2019\u00e9clairage et la climatisation. Les classes d\u2019efficacit\u00e9 \u00e9nerg\u00e9tique vont de A+ (tr\u00e8s bien) \u00e0 I (tr\u00e8s mauvais). Plus la consommation d\u2019\u00e9nergie primaire est faible, plus la classe d\u2019efficacit\u00e9 \u00e9nerg\u00e9tique est \u00e9lev\u00e9e. Pour d\u00e9terminer la classe d\u2019efficacit\u00e9 \u00e9nerg\u00e9tique d\u2019un b\u00e2timent, il faut \u00e9tablir un certificat de performance \u00e9nerg\u00e9tique globale (passeport \u00e9nerg\u00e9tique).<\/p>\n\n\n\n<p><em>Avec la construction classique, il est tr\u00e8s laborieux et tr\u00e8s co\u00fbteux d\u2019atteindre les classes A et B&nbsp;!<\/em><\/p>\n\n\n\n<p><em>Nos maisons sont toutes construites dans les classes d\u2019efficacit\u00e9 \u00e9nerg\u00e9tique A et A+ (A+ inf\u00e9rieure ou \u00e9gale \u00e0 0 A sup\u00e9rieure \u00e0 0 et inf\u00e9rieure ou \u00e9gale \u00e0 25 B sup\u00e9rieure \u00e0 25 et inf\u00e9rieure ou \u00e9gale \u00e0 50)!<\/em><\/p>\n\n\n\n<p>Pour plus de d\u00e9tails concernant les classes \u00e9nerg\u00e9tiques, suivez ces lien&nbsp;:<\/p>\n\n\n\n<ul class=\"wp-block-list\">\n<li>Le minist\u00e8re de l\u2019\u00c9nergie et de l\u2019Am\u00e9nagement du territoire<\/li>\n\n\n\n<li>Le minist\u00e8re de l\u2019Environnement, du Climat et du D\u00e9veloppement durable<\/li>\n\n\n\n<li>Le minist\u00e8re du Logement<\/li>\n\n\n\n<li>L\u2019Inspection du travail et des mines (ITM)<\/li>\n\n\n\n<li>La structure myenergy<\/li>\n\n\n\n<li>Les communes<\/li>\n<\/ul>\n\n\n\n<p>Vous trouverez \u00e9galement de nombreuses informations utiles sur ces liens : \u2022 www.logement.lu \u2022 www.subventions-energie.lu \u2022 <a href=\"http:\/\/www.myenergy.lu\">www.myenergy.lu<\/a><\/p>\n\t\t\t\t\t\t\t\t<\/div>\n\t\t\t\t<\/div>\n\t\t\t\t\t<\/div>\n\t\t\t\t<\/div>\n\t\t\t\t<\/div>\n\t\t","protected":false},"excerpt":{"rendered":"<p>L\u2019habitat qui est en pleine \u00e9volution ! Faites-en part&nbsp;! L\u2019environnement est de plus en plus et plus fortement influenc\u00e9 par &hellip; <a href=\"https:\/\/homeofhomes.lu\/?page_id=2258&#038;lang=fr\" class=\"more-link\">Continue reading <span class=\"screen-reader-text\">D\u00e9veloppement Durable<\/span><\/a><\/p>\n","protected":false},"author":1,"featured_media":0,"parent":0,"menu_order":0,"comment_status":"closed","ping_status":"closed","template":"","meta":{"footnotes":""},"class_list":["post-2258","page","type-page","status-publish","hentry"],"lang":"fr","translations":{"fr":2258,"en":2266,"de":2271},"jetpack_sharing_enabled":true,"pll_sync_post":[],"_links":{"self":[{"href":"https:\/\/homeofhomes.lu\/index.php?rest_route=\/wp\/v2\/pages\/2258","targetHints":{"allow":["GET"]}}],"collection":[{"href":"https:\/\/homeofhomes.lu\/index.php?rest_route=\/wp\/v2\/pages"}],"about":[{"href":"https:\/\/homeofhomes.lu\/index.php?rest_route=\/wp\/v2\/types\/page"}],"author":[{"embeddable":true,"href":"https:\/\/homeofhomes.lu\/index.php?rest_route=\/wp\/v2\/users\/1"}],"replies":[{"embeddable":true,"href":"https:\/\/homeofhomes.lu\/index.php?rest_route=%2Fwp%2Fv2%2Fcomments&post=2258"}],"version-history":[{"count":6,"href":"https:\/\/homeofhomes.lu\/index.php?rest_route=\/wp\/v2\/pages\/2258\/revisions"}],"predecessor-version":[{"id":2660,"href":"https:\/\/homeofhomes.lu\/index.php?rest_route=\/wp\/v2\/pages\/2258\/revisions\/2660"}],"wp:attachment":[{"href":"https:\/\/homeofhomes.lu\/index.php?rest_route=%2Fwp%2Fv2%2Fmedia&parent=2258"}],"curies":[{"name":"wp","href":"https:\/\/api.w.org\/{rel}","templated":true}]}}