{"id":2268,"date":"2024-04-19T18:53:45","date_gmt":"2024-04-19T16:53:45","guid":{"rendered":"https:\/\/homeofhomes.lu\/?page_id=2268"},"modified":"2026-01-17T22:04:27","modified_gmt":"2026-01-17T20:04:27","slug":"nos-solutions","status":"publish","type":"page","link":"https:\/\/homeofhomes.lu\/?page_id=2268&lang=fr","title":{"rendered":"Nos Solutions"},"content":{"rendered":"\t\t<div data-elementor-type=\"wp-page\" data-elementor-id=\"2268\" class=\"elementor elementor-2268\">\n\t\t\t\t<div class=\"elementor-element elementor-element-1be3ac8 e-flex e-con-boxed e-con e-parent\" data-id=\"1be3ac8\" data-element_type=\"container\" data-e-type=\"container\">\n\t\t\t\t\t<div class=\"e-con-inner\">\n\t\t\t\t<div class=\"elementor-element elementor-element-4f6343e elementor-widget elementor-widget-text-editor\" data-id=\"4f6343e\" data-element_type=\"widget\" data-e-type=\"widget\" data-widget_type=\"text-editor.default\">\n\t\t\t\t<div class=\"elementor-widget-container\">\n\t\t\t\t\t\t\t\t\t<h3 data-start=\"4210\" data-end=\"4252\"><strong><em>Un habitat durable, con\u00e7u pour l\u2019avenir<\/em><\/strong><\/h3>\n<p data-start=\"4254\" data-end=\"4650\">La solution id\u00e9ale r\u00e9pondant \u00e0 la fois aux exigences climatiques et r\u00e9glementaires est la <strong data-start=\"4344\" data-end=\"4368\">construction en bois<\/strong>.<br data-start=\"4369\" data-end=\"4372\" \/>Naturel, renouvelable et raffin\u00e9, le bois incarne une approche r\u00e9solument tourn\u00e9e vers l\u2019avenir de l\u2019habitat r\u00e9sidentiel. Il permet de r\u00e9duire significativement les \u00e9missions de CO\u2082 et la consommation d\u2019\u00e9nergie, tout en cr\u00e9ant des espaces de vie sains, confortables et \u00e9l\u00e9gants.<\/p>\n<p data-start=\"4652\" data-end=\"4955\">\u00c0 la fois l\u00e9ger et extr\u00eamement r\u00e9sistant, le bois permet une construction rapide, pr\u00e9cise et hautement personnalisable. Il offre d\u2019excellentes performances thermiques et acoustiques, contribue \u00e0 un climat int\u00e9rieur agr\u00e9able et se distingue par sa durabilit\u00e9, sa facilit\u00e9 d\u2019entretien et sa recyclabilit\u00e9.<\/p>\t\t\t\t\t\t\t\t<\/div>\n\t\t\t\t<\/div>\n\t\t\t\t<div class=\"elementor-element elementor-element-e789153 elementor-widget elementor-widget-spacer\" data-id=\"e789153\" data-element_type=\"widget\" data-e-type=\"widget\" data-widget_type=\"spacer.default\">\n\t\t\t\t<div class=\"elementor-widget-container\">\n\t\t\t\t\t\t\t<div class=\"elementor-spacer\">\n\t\t\t<div class=\"elementor-spacer-inner\"><\/div>\n\t\t<\/div>\n\t\t\t\t\t\t<\/div>\n\t\t\t\t<\/div>\n\t\t\t\t\t<\/div>\n\t\t\t\t<\/div>\n\t\t<div class=\"elementor-element elementor-element-da5f226 e-flex e-con-boxed e-con e-parent\" data-id=\"da5f226\" data-element_type=\"container\" data-e-type=\"container\">\n\t\t\t\t\t<div class=\"e-con-inner\">\n\t\t<div class=\"elementor-element elementor-element-30a2909 e-con-full e-flex e-con e-child\" data-id=\"30a2909\" data-element_type=\"container\" data-e-type=\"container\">\n\t\t\t\t<div class=\"elementor-element elementor-element-772f2f3 elementor-widget elementor-widget-image\" data-id=\"772f2f3\" data-element_type=\"widget\" data-e-type=\"widget\" data-widget_type=\"image.default\">\n\t\t\t\t<div class=\"elementor-widget-container\">\n\t\t\t\t\t\t\t\t\t\t\t\t\t\t\t<img fetchpriority=\"high\" decoding=\"async\" width=\"768\" height=\"644\" src=\"https:\/\/homeofhomes.lu\/wp-content\/uploads\/2026\/01\/8-1-768x644.png\" class=\"attachment-medium_large size-medium_large wp-image-2665\" alt=\"\" srcset=\"https:\/\/homeofhomes.lu\/wp-content\/uploads\/2026\/01\/8-1-768x644.png 768w, https:\/\/homeofhomes.lu\/wp-content\/uploads\/2026\/01\/8-1-300x251.png 300w, https:\/\/homeofhomes.lu\/wp-content\/uploads\/2026\/01\/8-1-138x116.png 138w, https:\/\/homeofhomes.lu\/wp-content\/uploads\/2026\/01\/8-1.png 940w\" sizes=\"(max-width: 768px) 100vw, 768px\" \/>\t\t\t\t\t\t\t\t\t\t\t\t\t\t\t<\/div>\n\t\t\t\t<\/div>\n\t\t\t\t<\/div>\n\t\t<div class=\"elementor-element elementor-element-7946607 e-con-full e-flex e-con e-child\" data-id=\"7946607\" data-element_type=\"container\" data-e-type=\"container\">\n\t\t\t\t<div class=\"elementor-element elementor-element-fbdc0be elementor-widget elementor-widget-spacer\" data-id=\"fbdc0be\" data-element_type=\"widget\" data-e-type=\"widget\" data-widget_type=\"spacer.default\">\n\t\t\t\t<div class=\"elementor-widget-container\">\n\t\t\t\t\t\t\t<div class=\"elementor-spacer\">\n\t\t\t<div class=\"elementor-spacer-inner\"><\/div>\n\t\t<\/div>\n\t\t\t\t\t\t<\/div>\n\t\t\t\t<\/div>\n\t\t\t\t<div class=\"elementor-element elementor-element-291dad5 elementor-widget elementor-widget-text-editor\" data-id=\"291dad5\" data-element_type=\"widget\" data-e-type=\"widget\" data-widget_type=\"text-editor.default\">\n\t\t\t\t<div class=\"elementor-widget-container\">\n\t\t\t\t\t\t\t\t\t<h4 class=\"wp-block-heading\"><strong><em>Des mat\u00e9riaux responsables et des partenaires de confiance<\/em><\/strong><\/h4>\n<p><!-- \/wp:heading --><!-- wp:paragraph --><\/p>\n<p data-start=\"5025\" data-end=\"5286\">Chez <strong data-start=\"5030\" data-end=\"5047\">Home of Homes<\/strong>, nous travaillons avec une large gamme de techniques de construction en bois et de syst\u00e8mes de parois, soigneusement s\u00e9lectionn\u00e9s afin de r\u00e9pondre aux exigences architecturales, aux performances attendues et aux pr\u00e9f\u00e9rences individuelles.<\/p>\n<p data-start=\"5288\" data-end=\"5647\">Dans la mesure du possible, nous privil\u00e9gions des <strong data-start=\"5338\" data-end=\"5372\">mat\u00e9riaux locaux et biosourc\u00e9s<\/strong>, garantissant \u00e0 la fois le respect de l\u2019environnement et une qualit\u00e9 durable. Nos partenaires sont choisis pour leur engagement en mati\u00e8re d\u2019innovation, de recherche et d\u2019am\u00e9lioration continue des performances \u00e9nerg\u00e9tiques, de la durabilit\u00e9 et de la qualit\u00e9 de construction.<\/p>\n<p><!-- \/wp:paragraph --><!-- wp:media-text {\"align\":\"wide\",\"mediaId\":1716,\"mediaLink\":\"https:\/\/homeofhomes.lu\/?attachment_id=1716\",\"mediaType\":\"image\",\"className\":\"alignwide\"} --><\/p>\t\t\t\t\t\t\t\t<\/div>\n\t\t\t\t<\/div>\n\t\t\t\t<\/div>\n\t\t<div class=\"elementor-element elementor-element-2eac0bf e-con-full e-flex e-con e-child\" data-id=\"2eac0bf\" data-element_type=\"container\" data-e-type=\"container\">\n\t\t\t\t<div class=\"elementor-element elementor-element-7a40eee elementor-widget elementor-widget-spacer\" data-id=\"7a40eee\" data-element_type=\"widget\" data-e-type=\"widget\" data-widget_type=\"spacer.default\">\n\t\t\t\t<div class=\"elementor-widget-container\">\n\t\t\t\t\t\t\t<div class=\"elementor-spacer\">\n\t\t\t<div class=\"elementor-spacer-inner\"><\/div>\n\t\t<\/div>\n\t\t\t\t\t\t<\/div>\n\t\t\t\t<\/div>\n\t\t\t\t<div class=\"elementor-element elementor-element-7c4b3e1 elementor-widget elementor-widget-text-editor\" data-id=\"7c4b3e1\" data-element_type=\"widget\" data-e-type=\"widget\" data-widget_type=\"text-editor.default\">\n\t\t\t\t<div class=\"elementor-widget-container\">\n\t\t\t\t\t\t\t\t\t<h4 class=\"wp-block-heading\"><strong><em>Techniques de construction en bois<\/em><\/strong><\/h4>\n<p><!-- \/wp:heading --><!-- wp:paragraph --><\/p>\n<p data-start=\"5693\" data-end=\"5786\">Selon la nature du projet, diff\u00e9rentes m\u00e9thodes de construction peuvent \u00eatre mises en \u0153uvre :<\/p>\n<p data-start=\"5788\" data-end=\"5987\"><strong data-start=\"5788\" data-end=\"5819\">Construction en bois massif<\/strong><br data-start=\"5819\" data-end=\"5822\" \/>Un syst\u00e8me robuste et tr\u00e8s stable utilisant des panneaux ou poutres en bois massif, offrant d\u2019excellentes performances structurelles et une r\u00e9sistance \u00e9lev\u00e9e au feu.<\/p>\n<p data-start=\"5989\" data-end=\"6209\"><strong data-start=\"5989\" data-end=\"6035\">Construction en panneaux bois pr\u00e9fabriqu\u00e9s<\/strong><br data-start=\"6035\" data-end=\"6038\" \/>Une solution performante int\u00e9grant isolation et installations techniques, permettant une mise en \u0153uvre rapide, une grande pr\u00e9cision et une efficacit\u00e9 \u00e9nerg\u00e9tique optimale.<\/p>\n<p data-start=\"6211\" data-end=\"6455\"><strong data-start=\"6211\" data-end=\"6243\">Construction \u00e0 ossature bois<\/strong><br data-start=\"6243\" data-end=\"6246\" \/>Notre solution privil\u00e9gi\u00e9e, alliant l\u00e9g\u00e8ret\u00e9, flexibilit\u00e9 et rentabilit\u00e9. Cette technique permet d\u2019excellentes performances d\u2019isolation et convient parfaitement aux habitations durables et \u00e9conomes en \u00e9nergie.<\/p>\n<p><!-- \/wp:paragraph --><!-- wp:media-text {\"align\":\"wide\",\"mediaId\":1716,\"mediaLink\":\"https:\/\/homeofhomes.lu\/?attachment_id=1716\",\"mediaType\":\"image\",\"className\":\"alignwide\"} --><\/p>\t\t\t\t\t\t\t\t<\/div>\n\t\t\t\t<\/div>\n\t\t\t\t<\/div>\n\t\t<div class=\"elementor-element elementor-element-cb4785d e-con-full e-flex e-con e-child\" data-id=\"cb4785d\" data-element_type=\"container\" data-e-type=\"container\">\n\t\t\t\t<div class=\"elementor-element elementor-element-9061a84 elementor-widget elementor-widget-image\" data-id=\"9061a84\" data-element_type=\"widget\" data-e-type=\"widget\" data-widget_type=\"image.default\">\n\t\t\t\t<div class=\"elementor-widget-container\">\n\t\t\t\t\t\t\t\t\t\t\t\t\t\t\t<img decoding=\"async\" width=\"768\" height=\"644\" src=\"https:\/\/homeofhomes.lu\/wp-content\/uploads\/2026\/01\/9-1-768x644.png\" class=\"attachment-medium_large size-medium_large wp-image-2666\" alt=\"\" srcset=\"https:\/\/homeofhomes.lu\/wp-content\/uploads\/2026\/01\/9-1-768x644.png 768w, https:\/\/homeofhomes.lu\/wp-content\/uploads\/2026\/01\/9-1-300x251.png 300w, https:\/\/homeofhomes.lu\/wp-content\/uploads\/2026\/01\/9-1-138x116.png 138w, https:\/\/homeofhomes.lu\/wp-content\/uploads\/2026\/01\/9-1.png 940w\" sizes=\"(max-width: 768px) 100vw, 768px\" \/>\t\t\t\t\t\t\t\t\t\t\t\t\t\t\t<\/div>\n\t\t\t\t<\/div>\n\t\t\t\t<\/div>\n\t\t\t\t\t<\/div>\n\t\t\t\t<\/div>\n\t\t<div class=\"elementor-element elementor-element-d059fd9 e-flex e-con-boxed e-con e-parent\" data-id=\"d059fd9\" data-element_type=\"container\" data-e-type=\"container\">\n\t\t\t\t\t<div class=\"e-con-inner\">\n\t\t<div class=\"elementor-element elementor-element-403b0a3 e-con-full e-flex e-con e-child\" data-id=\"403b0a3\" data-element_type=\"container\" data-e-type=\"container\">\n\t\t\t\t<div class=\"elementor-element elementor-element-33e9a7e elementor-widget elementor-widget-spacer\" data-id=\"33e9a7e\" data-element_type=\"widget\" data-e-type=\"widget\" data-widget_type=\"spacer.default\">\n\t\t\t\t<div class=\"elementor-widget-container\">\n\t\t\t\t\t\t\t<div class=\"elementor-spacer\">\n\t\t\t<div class=\"elementor-spacer-inner\"><\/div>\n\t\t<\/div>\n\t\t\t\t\t\t<\/div>\n\t\t\t\t<\/div>\n\t\t\t\t<div class=\"elementor-element elementor-element-f59a3cc elementor-widget elementor-widget-image\" data-id=\"f59a3cc\" data-element_type=\"widget\" data-e-type=\"widget\" data-widget_type=\"image.default\">\n\t\t\t\t<div class=\"elementor-widget-container\">\n\t\t\t\t\t\t\t\t\t\t\t\t\t\t\t<img decoding=\"async\" width=\"768\" height=\"644\" src=\"https:\/\/homeofhomes.lu\/wp-content\/uploads\/2026\/01\/10-1-768x644.png\" class=\"attachment-medium_large size-medium_large wp-image-2667\" alt=\"\" srcset=\"https:\/\/homeofhomes.lu\/wp-content\/uploads\/2026\/01\/10-1-768x644.png 768w, https:\/\/homeofhomes.lu\/wp-content\/uploads\/2026\/01\/10-1-300x251.png 300w, https:\/\/homeofhomes.lu\/wp-content\/uploads\/2026\/01\/10-1-138x116.png 138w, https:\/\/homeofhomes.lu\/wp-content\/uploads\/2026\/01\/10-1.png 940w\" sizes=\"(max-width: 768px) 100vw, 768px\" \/>\t\t\t\t\t\t\t\t\t\t\t\t\t\t\t<\/div>\n\t\t\t\t<\/div>\n\t\t\t\t<\/div>\n\t\t<div class=\"elementor-element elementor-element-04e3936 e-con-full e-flex e-con e-child\" data-id=\"04e3936\" data-element_type=\"container\" data-e-type=\"container\">\n\t\t\t\t<div class=\"elementor-element elementor-element-c6551c6 elementor-widget elementor-widget-text-editor\" data-id=\"c6551c6\" data-element_type=\"widget\" data-e-type=\"widget\" data-widget_type=\"text-editor.default\">\n\t\t\t\t<div class=\"elementor-widget-container\">\n\t\t\t\t\t\t\t\t\t<h4 class=\"wp-block-heading\"><strong><em>Syst\u00e8mes de parois bois avanc\u00e9s<\/em><\/strong><\/h4>\n<p><!-- \/wp:heading --><!-- wp:paragraph --><\/p>\n<p data-start=\"6498\" data-end=\"6661\">Les syst\u00e8mes de parois en bois sont con\u00e7us en fonction des exigences sp\u00e9cifiques en mati\u00e8re d\u2019isolation thermique, de confort acoustique et de protection incendie.<\/p>\n<p data-start=\"6663\" data-end=\"7090\"><strong data-start=\"6663\" data-end=\"6682\">Murs ext\u00e9rieurs<\/strong> assurant la protection du b\u00e2timent contre les intemp\u00e9ries tout en d\u00e9finissant son identit\u00e9 architecturale gr\u00e2ce \u00e0 des finitions soign\u00e9es.<br data-start=\"6820\" data-end=\"6823\" \/><strong data-start=\"6823\" data-end=\"6842\">Murs int\u00e9rieurs<\/strong> am\u00e9liorant l\u2019acoustique et cr\u00e9ant une atmosph\u00e8re chaleureuse et naturelle.<br data-start=\"6917\" data-end=\"6920\" \/><strong data-start=\"6920\" data-end=\"6943\">Murs interm\u00e9diaires<\/strong> int\u00e9grant des couches d\u2019isolation haute performance pour renforcer l\u2019efficacit\u00e9 \u00e9nerg\u00e9tique et pr\u00e9venir l\u2019humidit\u00e9 et la formation de moisissures.<\/p>\n<h4 class=\"wp-block-heading\"><strong><em>Une construction saine et de haute qualit\u00e9<\/em><\/strong><\/h4>\n<p><!-- \/wp:heading --><!-- wp:paragraph --><\/p>\n<p data-start=\"7144\" data-end=\"7381\">Tous les mat\u00e9riaux utilis\u00e9s dans nos constructions sont rigoureusement s\u00e9lectionn\u00e9s et contr\u00f4l\u00e9s. Ils respectent les normes les plus strictes en mati\u00e8re de qualit\u00e9, de s\u00e9curit\u00e9 et d\u2019environnement, et sont parfaitement s\u00fbrs pour la sant\u00e9. Nos syst\u00e8mes sont exempts de substances chimiques nocives, de colles et de conservateurs. Ils sont respirants, r\u00e9gulent naturellement l\u2019humidit\u00e9, r\u00e9sistent aux nuisibles et aux champignons, et contribuent \u00e0 un environnement int\u00e9rieur plus sain.<\/p>\n<p><!-- \/wp:paragraph --><!-- wp:media-text {\"align\":\"wide\",\"mediaId\":1716,\"mediaLink\":\"https:\/\/homeofhomes.lu\/?attachment_id=1716\",\"mediaType\":\"image\",\"className\":\"alignwide\"} --><\/p>\t\t\t\t\t\t\t\t<\/div>\n\t\t\t\t<\/div>\n\t\t\t\t<\/div>\n\t\t<div class=\"elementor-element elementor-element-f75fe06 e-con-full e-flex e-con e-child\" data-id=\"f75fe06\" data-element_type=\"container\" data-e-type=\"container\">\n\t\t\t\t<div class=\"elementor-element elementor-element-776c728 elementor-widget elementor-widget-spacer\" data-id=\"776c728\" data-element_type=\"widget\" data-e-type=\"widget\" data-widget_type=\"spacer.default\">\n\t\t\t\t<div class=\"elementor-widget-container\">\n\t\t\t\t\t\t\t<div class=\"elementor-spacer\">\n\t\t\t<div class=\"elementor-spacer-inner\"><\/div>\n\t\t<\/div>\n\t\t\t\t\t\t<\/div>\n\t\t\t\t<\/div>\n\t\t\t\t<div class=\"elementor-element elementor-element-a2c5bc4 elementor-widget elementor-widget-text-editor\" data-id=\"a2c5bc4\" data-element_type=\"widget\" data-e-type=\"widget\" data-widget_type=\"text-editor.default\">\n\t\t\t\t<div class=\"elementor-widget-container\">\n\t\t\t\t\t\t\t\t\t<h4 class=\"wp-block-heading\"><em><strong>Syst\u00e8mes \u00e9nerg\u00e9tiques et technologies intelligentes<\/strong><\/em><\/h4>\n<p data-start=\"7690\" data-end=\"7943\">Au-del\u00e0 de la construction, <strong data-start=\"7718\" data-end=\"7735\">Home of Homes<\/strong> vous accompagne dans le choix de syst\u00e8mes de chauffage et de ventilation performants, adapt\u00e9s \u00e0 votre projet et \u00e0 votre budget, tels que les pompes \u00e0 chaleur et les solutions de ventilation \u00e0 haut rendement. Nous vous conseillons \u00e9galement dans l\u2019int\u00e9gration de technologies domotiques, en proposant des syst\u00e8mes tels que <strong data-start=\"8059\" data-end=\"8079\">KNX, Philips Hue<\/strong> et d\u2019autres solutions intelligentes visant \u00e0 am\u00e9liorer le confort, l\u2019efficacit\u00e9 \u00e9nerg\u00e9tique et le quotidien.<\/p>\n<h4 class=\"wp-block-heading\"><strong><em>Un habitat durable, pens\u00e9 pour durer<\/em><\/strong><\/h4>\n<p data-start=\"3132\" data-end=\"3345\">Choisir <strong data-start=\"8244\" data-end=\"8261\">Home of Homes<\/strong>, c\u2019est opter pour une habitation alliant \u00e9l\u00e9gance architecturale, responsabilit\u00e9 environnementale et valeur \u00e0 long terme.<br data-start=\"8383\" data-end=\"8386\" \/>Nous concevons et r\u00e9alisons des espaces de vie qui refl\u00e8tent vos valeurs et favorisent un mode de vie durable.<\/p>\n<p><!-- \/wp:paragraph --><!-- wp:media-text {\"align\":\"wide\",\"mediaId\":1716,\"mediaLink\":\"https:\/\/homeofhomes.lu\/?attachment_id=1716\",\"mediaType\":\"image\",\"className\":\"alignwide\"} --><\/p>\t\t\t\t\t\t\t\t<\/div>\n\t\t\t\t<\/div>\n\t\t\t\t<\/div>\n\t\t<div class=\"elementor-element elementor-element-e897e67 e-con-full e-flex e-con e-child\" data-id=\"e897e67\" data-element_type=\"container\" data-e-type=\"container\">\n\t\t\t\t<div class=\"elementor-element elementor-element-5e09a42 elementor-widget elementor-widget-image\" data-id=\"5e09a42\" data-element_type=\"widget\" data-e-type=\"widget\" data-widget_type=\"image.default\">\n\t\t\t\t<div class=\"elementor-widget-container\">\n\t\t\t\t\t\t\t\t\t\t\t\t\t\t\t<img loading=\"lazy\" decoding=\"async\" width=\"768\" height=\"644\" src=\"https:\/\/homeofhomes.lu\/wp-content\/uploads\/2026\/01\/Untitled-design-3-768x644.png\" class=\"attachment-medium_large size-medium_large wp-image-2669\" alt=\"\" srcset=\"https:\/\/homeofhomes.lu\/wp-content\/uploads\/2026\/01\/Untitled-design-3-768x644.png 768w, https:\/\/homeofhomes.lu\/wp-content\/uploads\/2026\/01\/Untitled-design-3-300x251.png 300w, https:\/\/homeofhomes.lu\/wp-content\/uploads\/2026\/01\/Untitled-design-3-138x116.png 138w, https:\/\/homeofhomes.lu\/wp-content\/uploads\/2026\/01\/Untitled-design-3.png 940w\" sizes=\"(max-width: 768px) 100vw, 768px\" \/>\t\t\t\t\t\t\t\t\t\t\t\t\t\t\t<\/div>\n\t\t\t\t<\/div>\n\t\t\t\t<\/div>\n\t\t\t\t\t<\/div>\n\t\t\t\t<\/div>\n\t\t\t\t<\/div>\n\t\t","protected":false},"excerpt":{"rendered":"<p>Un habitat durable, con\u00e7u pour l\u2019avenir La solution id\u00e9ale r\u00e9pondant \u00e0 la fois aux exigences climatiques et r\u00e9glementaires est la &hellip; <a href=\"https:\/\/homeofhomes.lu\/?page_id=2268&#038;lang=fr\" class=\"more-link\">Continue reading <span class=\"screen-reader-text\">Nos Solutions<\/span><\/a><\/p>\n","protected":false},"author":1,"featured_media":0,"parent":0,"menu_order":0,"comment_status":"closed","ping_status":"closed","template":"","meta":{"footnotes":""},"class_list":["post-2268","page","type-page","status-publish","hentry"],"lang":"fr","translations":{"fr":2268,"en":2275,"de":2278},"jetpack_sharing_enabled":true,"pll_sync_post":[],"_links":{"self":[{"href":"https:\/\/homeofhomes.lu\/index.php?rest_route=\/wp\/v2\/pages\/2268","targetHints":{"allow":["GET"]}}],"collection":[{"href":"https:\/\/homeofhomes.lu\/index.php?rest_route=\/wp\/v2\/pages"}],"about":[{"href":"https:\/\/homeofhomes.lu\/index.php?rest_route=\/wp\/v2\/types\/page"}],"author":[{"embeddable":true,"href":"https:\/\/homeofhomes.lu\/index.php?rest_route=\/wp\/v2\/users\/1"}],"replies":[{"embeddable":true,"href":"https:\/\/homeofhomes.lu\/index.php?rest_route=%2Fwp%2Fv2%2Fcomments&post=2268"}],"version-history":[{"count":5,"href":"https:\/\/homeofhomes.lu\/index.php?rest_route=\/wp\/v2\/pages\/2268\/revisions"}],"predecessor-version":[{"id":2678,"href":"https:\/\/homeofhomes.lu\/index.php?rest_route=\/wp\/v2\/pages\/2268\/revisions\/2678"}],"wp:attachment":[{"href":"https:\/\/homeofhomes.lu\/index.php?rest_route=%2Fwp%2Fv2%2Fmedia&parent=2268"}],"curies":[{"name":"wp","href":"https:\/\/api.w.org\/{rel}","templated":true}]}}