{"id":2271,"date":"2024-04-19T18:50:49","date_gmt":"2024-04-19T16:50:49","guid":{"rendered":"https:\/\/homeofhomes.lu\/?page_id=2271"},"modified":"2026-01-17T21:05:09","modified_gmt":"2026-01-17T19:05:09","slug":"nachhaltigkeit","status":"publish","type":"page","link":"https:\/\/homeofhomes.lu\/?page_id=2271&lang=de","title":{"rendered":"Nachhaltigkeit"},"content":{"rendered":"\t\t<div data-elementor-type=\"wp-page\" data-elementor-id=\"2271\" class=\"elementor elementor-2271\">\n\t\t\t\t<div class=\"elementor-element elementor-element-66860fe e-flex e-con-boxed e-con e-parent\" data-id=\"66860fe\" data-element_type=\"container\" data-e-type=\"container\">\n\t\t\t\t\t<div class=\"e-con-inner\">\n\t\t\t\t<div class=\"elementor-element elementor-element-57da4b7 elementor-arrows-position-inside elementor-pagination-position-outside elementor-widget elementor-widget-image-carousel\" data-id=\"57da4b7\" data-element_type=\"widget\" data-e-type=\"widget\" data-settings=\"{&quot;navigation&quot;:&quot;both&quot;,&quot;autoplay&quot;:&quot;yes&quot;,&quot;pause_on_hover&quot;:&quot;yes&quot;,&quot;pause_on_interaction&quot;:&quot;yes&quot;,&quot;autoplay_speed&quot;:5000,&quot;infinite&quot;:&quot;yes&quot;,&quot;speed&quot;:500}\" data-widget_type=\"image-carousel.default\">\n\t\t\t\t<div class=\"elementor-widget-container\">\n\t\t\t\t\t\t\t<div class=\"elementor-image-carousel-wrapper swiper\" role=\"region\" aria-roledescription=\"carousel\" aria-label=\"Image Carousel\" dir=\"ltr\">\n\t\t\t<div class=\"elementor-image-carousel swiper-wrapper\" aria-live=\"off\">\n\t\t\t\t\t\t\t\t<div class=\"swiper-slide\" role=\"group\" aria-roledescription=\"slide\" aria-label=\"1 von 10\"><figure class=\"swiper-slide-inner\"><img decoding=\"async\" class=\"swiper-slide-image\" src=\"https:\/\/homeofhomes.lu\/wp-content\/uploads\/2026\/01\/6-1.png\" alt=\"6\" \/><\/figure><\/div><div class=\"swiper-slide\" role=\"group\" aria-roledescription=\"slide\" aria-label=\"2 von 10\"><figure class=\"swiper-slide-inner\"><img decoding=\"async\" class=\"swiper-slide-image\" src=\"https:\/\/homeofhomes.lu\/wp-content\/uploads\/2026\/01\/8.png\" alt=\"8\" \/><\/figure><\/div><div class=\"swiper-slide\" role=\"group\" aria-roledescription=\"slide\" aria-label=\"3 von 10\"><figure class=\"swiper-slide-inner\"><img decoding=\"async\" class=\"swiper-slide-image\" src=\"https:\/\/homeofhomes.lu\/wp-content\/uploads\/2026\/01\/Untitled-design-2.png\" alt=\"Untitled design (2)\" \/><\/figure><\/div><div class=\"swiper-slide\" role=\"group\" aria-roledescription=\"slide\" aria-label=\"4 von 10\"><figure class=\"swiper-slide-inner\"><img decoding=\"async\" class=\"swiper-slide-image\" src=\"https:\/\/homeofhomes.lu\/wp-content\/uploads\/2026\/01\/9.png\" alt=\"9\" \/><\/figure><\/div><div class=\"swiper-slide\" role=\"group\" aria-roledescription=\"slide\" aria-label=\"5 von 10\"><figure class=\"swiper-slide-inner\"><img decoding=\"async\" class=\"swiper-slide-image\" src=\"https:\/\/homeofhomes.lu\/wp-content\/uploads\/2026\/01\/13.png\" alt=\"13\" \/><\/figure><\/div><div class=\"swiper-slide\" role=\"group\" aria-roledescription=\"slide\" aria-label=\"6 von 10\"><figure class=\"swiper-slide-inner\"><img decoding=\"async\" class=\"swiper-slide-image\" src=\"https:\/\/homeofhomes.lu\/wp-content\/uploads\/2026\/01\/10.png\" alt=\"10\" \/><\/figure><\/div><div class=\"swiper-slide\" role=\"group\" aria-roledescription=\"slide\" aria-label=\"7 von 10\"><figure class=\"swiper-slide-inner\"><img decoding=\"async\" class=\"swiper-slide-image\" src=\"https:\/\/homeofhomes.lu\/wp-content\/uploads\/2026\/01\/11.png\" alt=\"11\" \/><\/figure><\/div><div class=\"swiper-slide\" role=\"group\" aria-roledescription=\"slide\" aria-label=\"8 von 10\"><figure class=\"swiper-slide-inner\"><img decoding=\"async\" class=\"swiper-slide-image\" src=\"https:\/\/homeofhomes.lu\/wp-content\/uploads\/2026\/01\/12.png\" alt=\"12\" \/><\/figure><\/div><div class=\"swiper-slide\" role=\"group\" aria-roledescription=\"slide\" aria-label=\"9 von 10\"><figure class=\"swiper-slide-inner\"><img decoding=\"async\" class=\"swiper-slide-image\" src=\"https:\/\/homeofhomes.lu\/wp-content\/uploads\/2026\/01\/14.png\" alt=\"14\" \/><\/figure><\/div><div class=\"swiper-slide\" role=\"group\" aria-roledescription=\"slide\" aria-label=\"10 von 10\"><figure class=\"swiper-slide-inner\"><img decoding=\"async\" class=\"swiper-slide-image\" src=\"https:\/\/homeofhomes.lu\/wp-content\/uploads\/2026\/01\/7.png\" alt=\"7\" \/><\/figure><\/div>\t\t\t<\/div>\n\t\t\t\t\t\t\t\t\t\t\t\t<div class=\"elementor-swiper-button elementor-swiper-button-prev\" role=\"button\" tabindex=\"0\">\n\t\t\t\t\t\t<svg aria-hidden=\"true\" class=\"e-font-icon-svg e-eicon-chevron-left\" viewBox=\"0 0 1000 1000\" xmlns=\"http:\/\/www.w3.org\/2000\/svg\"><path d=\"M646 125C629 125 613 133 604 142L308 442C296 454 292 471 292 487 292 504 296 521 308 533L604 854C617 867 629 875 646 875 663 875 679 871 692 858 704 846 713 829 713 812 713 796 708 779 692 767L438 487 692 225C700 217 708 204 708 187 708 171 704 154 692 142 675 129 663 125 646 125Z\"><\/path><\/svg>\t\t\t\t\t<\/div>\n\t\t\t\t\t<div class=\"elementor-swiper-button elementor-swiper-button-next\" role=\"button\" tabindex=\"0\">\n\t\t\t\t\t\t<svg aria-hidden=\"true\" class=\"e-font-icon-svg e-eicon-chevron-right\" viewBox=\"0 0 1000 1000\" xmlns=\"http:\/\/www.w3.org\/2000\/svg\"><path d=\"M696 533C708 521 713 504 713 487 713 471 708 454 696 446L400 146C388 133 375 125 354 125 338 125 325 129 313 142 300 154 292 171 292 187 292 204 296 221 308 233L563 492 304 771C292 783 288 800 288 817 288 833 296 850 308 863 321 871 338 875 354 875 371 875 388 867 400 854L696 533Z\"><\/path><\/svg>\t\t\t\t\t<\/div>\n\t\t\t\t\n\t\t\t\t\t\t\t\t\t<div class=\"swiper-pagination\"><\/div>\n\t\t\t\t\t\t\t\t\t<\/div>\n\t\t\t\t\t\t<\/div>\n\t\t\t\t<\/div>\n\t\t\t\t\t<\/div>\n\t\t\t\t<\/div>\n\t\t<div class=\"elementor-element elementor-element-62f681e7 e-flex e-con-boxed e-con e-parent\" data-id=\"62f681e7\" data-element_type=\"container\" data-e-type=\"container\">\n\t\t\t\t\t<div class=\"e-con-inner\">\n\t\t\t\t<div class=\"elementor-element elementor-element-2a4a4a3d elementor-widget elementor-widget-text-editor\" data-id=\"2a4a4a3d\" data-element_type=\"widget\" data-e-type=\"widget\" data-widget_type=\"text-editor.default\">\n\t\t\t\t<div class=\"elementor-widget-container\">\n\t\t\t\t\t\t\t\t\t\n<p><em>Das Wohnen entwickelt sich rasant! Seien Sie dabei! Unsere Lebensstile und Konsumgewohnheiten beeinflussen die Umwelt zunehmend und st\u00e4rker. Klimawandel, Luftverschmutzung, Verlust der Biodiversit\u00e4t und andere Faktoren bedrohen die Zukunft unseres Planeten.<\/em><\/p>\n\n\n\n<p>Im Baubereich bleibt der klassische Beton- und Mauerwerksbau wegen seiner Robustheit und Festigkeit die allgemeine Bauweise. Allerdings tr\u00e4gt er auch zu den oben genannten Problemen bei. Beton ist ein energieintensives und CO2-emittierendes Material, das viel Wasser verbraucht und Abfall erzeugt. Betonbl\u00f6cke sind schwer, unflexibel und anf\u00e4llig f\u00fcr Risse und Feuchtigkeit. Sie bieten wenig thermische und akustische Isolation und erfordern zus\u00e4tzliche Materialien und Kosten, um alle Anforderungen zu erf\u00fcllen. Technisch sind sie jedoch unvermeidlich, wenn es um gro\u00dfe und komplexe Konstruktionen geht, \u00e4hnlich wie Stahl.<\/p>\n\n\n\n<p>Jedoch kann bei Einfamilienh\u00e4usern, Doppelhaush\u00e4lften und Mehrfamilienh\u00e4usern der Einsatz weniger umweltsch\u00e4dlicher Materialien leicht reduziert werden!<\/p>\n\n\n\n<p><em>In der Praxis sollten Sie beim Hausbau nicht nur auf den Preis, sondern auch auf Qualit\u00e4t, Energieeffizienz und Umweltvertr\u00e4glichkeit achten. Denn ein Haus ist nicht nur eine Investition, sondern auch ein Lebensraum, der Ihr Wohlbefinden und Ihre Gesundheit beeinflusst.<\/em><\/p>\n\n\n\n<p>Nach dem Gesetzgeber muss die niedrigste Energieeffizienzklasse, die ein neues Wohngeb\u00e4ude in Luxemburg erreichen muss, Klasse B sein. Dies bedeutet, dass der Prim\u00e4renergieverbrauch des Geb\u00e4udes gr\u00f6\u00dfer als 0 und kleiner oder gleich 50 kWh\/m\u00b2 pro Jahr sein muss. Energieeffizienzklassen sind ein Ma\u00df f\u00fcr den Energieverbrauch und die CO2-Emissionen eines Geb\u00e4udes. Sie werden aus dem Prim\u00e4renergieverbrauch berechnet, der die ben\u00f6tigte Energiemenge f\u00fcr Heizung, Warmwasser, L\u00fcftung, Beleuchtung und Klimaanlage angibt. Die Energieeffizienzklassen reichen von A+ (sehr gut) bis I (sehr schlecht). Je geringer der Prim\u00e4renergieverbrauch, desto h\u00f6her die Energieeffizienzklasse. Um die Energieeffizienzklasse eines Geb\u00e4udes zu bestimmen, muss ein umfassender Energieausweis (Energiepass) erstellt werden.<\/p>\n\n\n\n<p><em>Mit klassischem Bau ist es sehr aufwendig und kostspielig, die Klassen A und B zu erreichen!<\/em><\/p>\n\n\n\n<p><em>Unsere H\u00e4user sind alle in den Energieeffizienzklassen A und A+ gebaut (A+ kleiner oder gleich 0 A gr\u00f6\u00dfer als 0 und kleiner oder gleich 25 B gr\u00f6\u00dfer als 25 und kleiner oder gleich 50)!<\/em><\/p>\n\n\n\n<p>F\u00fcr weitere Details zu Energieklassen, folgen Sie diesen Links:<\/p>\n\n\n\n<ul class=\"wp-block-list\">\n<li>Das Ministerium f\u00fcr Energie und Raumplanung<\/li>\n\n\n\n<li>Das Ministerium f\u00fcr Umwelt, Klima und nachhaltige Entwicklung<\/li>\n\n\n\n<li>Das Wohnungsbauministerium<\/li>\n\n\n\n<li>Die Arbeits- und Bergbauinspektion (ITM)<\/li>\n\n\n\n<li>Die Struktur myenergy<\/li>\n\n\n\n<li>Die Gemeinden<\/li>\n<\/ul>\n\n\n\n<p>Sie finden auch viele n\u00fctzliche Informationen auf diesen Links: \u2022 www.logement.lu \u2022 www.subventions-energie.lu \u2022 <a href=\"http:\/\/www.myenergy.lu\">www.myenergy.lu<\/a><\/p>\n\t\t\t\t\t\t\t\t<\/div>\n\t\t\t\t<\/div>\n\t\t\t\t\t<\/div>\n\t\t\t\t<\/div>\n\t\t\t\t<\/div>\n\t\t","protected":false},"excerpt":{"rendered":"<p>Das Wohnen entwickelt sich rasant! Seien Sie dabei! Unsere Lebensstile und Konsumgewohnheiten beeinflussen die Umwelt zunehmend und st\u00e4rker. Klimawandel, Luftverschmutzung, &hellip; <a href=\"https:\/\/homeofhomes.lu\/?page_id=2271&#038;lang=de\" class=\"more-link\">Continue reading <span class=\"screen-reader-text\">Nachhaltigkeit<\/span><\/a><\/p>\n","protected":false},"author":1,"featured_media":0,"parent":0,"menu_order":0,"comment_status":"closed","ping_status":"closed","template":"","meta":{"footnotes":""},"class_list":["post-2271","page","type-page","status-publish","hentry"],"lang":"de","translations":{"de":2271,"en":2266,"fr":2258},"jetpack_sharing_enabled":true,"pll_sync_post":[],"_links":{"self":[{"href":"https:\/\/homeofhomes.lu\/index.php?rest_route=\/wp\/v2\/pages\/2271","targetHints":{"allow":["GET"]}}],"collection":[{"href":"https:\/\/homeofhomes.lu\/index.php?rest_route=\/wp\/v2\/pages"}],"about":[{"href":"https:\/\/homeofhomes.lu\/index.php?rest_route=\/wp\/v2\/types\/page"}],"author":[{"embeddable":true,"href":"https:\/\/homeofhomes.lu\/index.php?rest_route=\/wp\/v2\/users\/1"}],"replies":[{"embeddable":true,"href":"https:\/\/homeofhomes.lu\/index.php?rest_route=%2Fwp%2Fv2%2Fcomments&post=2271"}],"version-history":[{"count":7,"href":"https:\/\/homeofhomes.lu\/index.php?rest_route=\/wp\/v2\/pages\/2271\/revisions"}],"predecessor-version":[{"id":2657,"href":"https:\/\/homeofhomes.lu\/index.php?rest_route=\/wp\/v2\/pages\/2271\/revisions\/2657"}],"wp:attachment":[{"href":"https:\/\/homeofhomes.lu\/index.php?rest_route=%2Fwp%2Fv2%2Fmedia&parent=2271"}],"curies":[{"name":"wp","href":"https:\/\/api.w.org\/{rel}","templated":true}]}}