{"id":2278,"date":"2024-04-19T18:53:59","date_gmt":"2024-04-19T16:53:59","guid":{"rendered":"https:\/\/homeofhomes.lu\/?page_id=2278"},"modified":"2026-01-24T13:18:29","modified_gmt":"2026-01-24T11:18:29","slug":"unsere-losungen","status":"publish","type":"page","link":"https:\/\/homeofhomes.lu\/?page_id=2278&lang=de","title":{"rendered":"Unsere L\u00f6sungen"},"content":{"rendered":"\t\t<div data-elementor-type=\"wp-page\" data-elementor-id=\"2278\" class=\"elementor elementor-2278\">\n\t\t\t\t<div class=\"elementor-element elementor-element-31c9540 e-flex e-con-boxed e-con e-parent\" data-id=\"31c9540\" data-element_type=\"container\" data-e-type=\"container\">\n\t\t\t\t\t<div class=\"e-con-inner\">\n\t\t\t\t<div class=\"elementor-element elementor-element-1422576 elementor-widget elementor-widget-text-editor\" data-id=\"1422576\" data-element_type=\"widget\" data-e-type=\"widget\" data-widget_type=\"text-editor.default\">\n\t\t\t\t<div class=\"elementor-widget-container\">\n\t\t\t\t\t\t\t\t\t<h3 data-start=\"232\" data-end=\"270\"><strong><em>Nachhaltiges Wohnen f\u00fcr die Zukunft<\/em><\/strong><\/h3>\n<p data-start=\"272\" data-end=\"620\">Die ideale L\u00f6sung, die sowohl klimatischen als auch gesetzlichen Anforderungen gerecht wird, ist der <strong data-start=\"373\" data-end=\"384\">Holzbau<\/strong>.<br data-start=\"385\" data-end=\"388\" \/>Nat\u00fcrlich, erneuerbar und hochwertig steht Holz f\u00fcr einen zukunftsorientierten Ansatz im Wohnungsbau. Es reduziert CO\u2082-Emissionen und den Energieverbrauch erheblich und schafft zugleich gesunde, komfortable und elegante Lebensr\u00e4ume.<\/p>\n<p data-start=\"622\" data-end=\"918\">Leicht und dennoch au\u00dfergew\u00f6hnlich stabil erm\u00f6glicht Holz eine schnelle, pr\u00e4zise und individuell anpassbare Bauweise. Es bietet eine hervorragende W\u00e4rme- und Schalld\u00e4mmung, sorgt f\u00fcr ein angenehmes Raumklima und \u00fcberzeugt durch Langlebigkeit, einfache Wartung und vollst\u00e4ndige Recyclingf\u00e4higkeit.<\/p>\t\t\t\t\t\t\t\t<\/div>\n\t\t\t\t<\/div>\n\t\t\t\t<div class=\"elementor-element elementor-element-5d5b939 elementor-widget elementor-widget-spacer\" data-id=\"5d5b939\" data-element_type=\"widget\" data-e-type=\"widget\" data-widget_type=\"spacer.default\">\n\t\t\t\t<div class=\"elementor-widget-container\">\n\t\t\t\t\t\t\t<div class=\"elementor-spacer\">\n\t\t\t<div class=\"elementor-spacer-inner\"><\/div>\n\t\t<\/div>\n\t\t\t\t\t\t<\/div>\n\t\t\t\t<\/div>\n\t\t\t\t<div class=\"elementor-element elementor-element-10087e6 elementor-widget elementor-widget-spacer\" data-id=\"10087e6\" data-element_type=\"widget\" data-e-type=\"widget\" data-widget_type=\"spacer.default\">\n\t\t\t\t<div class=\"elementor-widget-container\">\n\t\t\t\t\t\t\t<div class=\"elementor-spacer\">\n\t\t\t<div class=\"elementor-spacer-inner\"><\/div>\n\t\t<\/div>\n\t\t\t\t\t\t<\/div>\n\t\t\t\t<\/div>\n\t\t\t\t\t<\/div>\n\t\t\t\t<\/div>\n\t\t<div class=\"elementor-element elementor-element-ec5445c e-flex e-con-boxed e-con e-parent\" data-id=\"ec5445c\" data-element_type=\"container\" data-e-type=\"container\">\n\t\t\t\t\t<div class=\"e-con-inner\">\n\t\t<div class=\"elementor-element elementor-element-7dae978 e-con-full e-flex e-con e-child\" data-id=\"7dae978\" data-element_type=\"container\" data-e-type=\"container\">\n\t\t\t\t<div class=\"elementor-element elementor-element-9eb63c1 elementor-widget elementor-widget-image\" data-id=\"9eb63c1\" data-element_type=\"widget\" data-e-type=\"widget\" data-widget_type=\"image.default\">\n\t\t\t\t<div class=\"elementor-widget-container\">\n\t\t\t\t\t\t\t\t\t\t\t\t\t\t\t<img fetchpriority=\"high\" decoding=\"async\" width=\"768\" height=\"644\" src=\"https:\/\/homeofhomes.lu\/wp-content\/uploads\/2026\/01\/8-1-768x644.png\" class=\"attachment-medium_large size-medium_large wp-image-2665\" alt=\"\" srcset=\"https:\/\/homeofhomes.lu\/wp-content\/uploads\/2026\/01\/8-1-768x644.png 768w, https:\/\/homeofhomes.lu\/wp-content\/uploads\/2026\/01\/8-1-300x251.png 300w, https:\/\/homeofhomes.lu\/wp-content\/uploads\/2026\/01\/8-1-138x116.png 138w, https:\/\/homeofhomes.lu\/wp-content\/uploads\/2026\/01\/8-1.png 940w\" sizes=\"(max-width: 768px) 100vw, 768px\" \/>\t\t\t\t\t\t\t\t\t\t\t\t\t\t\t<\/div>\n\t\t\t\t<\/div>\n\t\t\t\t<\/div>\n\t\t<div class=\"elementor-element elementor-element-0b52a3d e-con-full e-flex e-con e-child\" data-id=\"0b52a3d\" data-element_type=\"container\" data-e-type=\"container\">\n\t\t\t\t<div class=\"elementor-element elementor-element-4958d1b elementor-widget elementor-widget-spacer\" data-id=\"4958d1b\" data-element_type=\"widget\" data-e-type=\"widget\" data-widget_type=\"spacer.default\">\n\t\t\t\t<div class=\"elementor-widget-container\">\n\t\t\t\t\t\t\t<div class=\"elementor-spacer\">\n\t\t\t<div class=\"elementor-spacer-inner\"><\/div>\n\t\t<\/div>\n\t\t\t\t\t\t<\/div>\n\t\t\t\t<\/div>\n\t\t\t\t<div class=\"elementor-element elementor-element-8168ab8 elementor-widget elementor-widget-text-editor\" data-id=\"8168ab8\" data-element_type=\"widget\" data-e-type=\"widget\" data-widget_type=\"text-editor.default\">\n\t\t\t\t<div class=\"elementor-widget-container\">\n\t\t\t\t\t\t\t\t\t<h4 class=\"wp-block-heading\"><strong><em>Verantwortungsvolle Materialien und vertrauensw\u00fcrdige Partner<\/em><\/strong><\/h4>\n<p><!-- \/wp:heading --><!-- wp:paragraph --><\/p>\n<p data-start=\"991\" data-end=\"1222\">Bei <strong data-start=\"995\" data-end=\"1012\">Home of Homes<\/strong> arbeiten wir mit einer Vielzahl von Holzbauweisen und Wandkonstruktionen, die sorgf\u00e4ltig ausgew\u00e4hlt werden, um architektonischen Anspr\u00fcchen, Leistungsanforderungen und individuellen W\u00fcnschen gerecht zu werden.<\/p>\n<p data-start=\"1224\" data-end=\"1553\">Wann immer m\u00f6glich, setzen wir auf <strong data-start=\"1259\" data-end=\"1300\">regionale und biobasierte Materialien<\/strong>, um Umweltverantwortung und langfristige Qualit\u00e4t zu vereinen. Unsere Partner werden aufgrund ihres Engagements f\u00fcr Innovation, Forschung und kontinuierliche Weiterentwicklung in den Bereichen Langlebigkeit, Energieeffizienz und Bauqualit\u00e4t ausgew\u00e4hlt.<\/p>\n<p><!-- \/wp:paragraph --><!-- wp:media-text {\"align\":\"wide\",\"mediaId\":1716,\"mediaLink\":\"https:\/\/homeofhomes.lu\/?attachment_id=1716\",\"mediaType\":\"image\",\"className\":\"alignwide\"} --><\/p>\t\t\t\t\t\t\t\t<\/div>\n\t\t\t\t<\/div>\n\t\t\t\t<\/div>\n\t\t<div class=\"elementor-element elementor-element-b17cb6f e-con-full e-flex e-con e-child\" data-id=\"b17cb6f\" data-element_type=\"container\" data-e-type=\"container\">\n\t\t\t\t<div class=\"elementor-element elementor-element-b08a170 elementor-widget elementor-widget-spacer\" data-id=\"b08a170\" data-element_type=\"widget\" data-e-type=\"widget\" data-widget_type=\"spacer.default\">\n\t\t\t\t<div class=\"elementor-widget-container\">\n\t\t\t\t\t\t\t<div class=\"elementor-spacer\">\n\t\t\t<div class=\"elementor-spacer-inner\"><\/div>\n\t\t<\/div>\n\t\t\t\t\t\t<\/div>\n\t\t\t\t<\/div>\n\t\t\t\t<div class=\"elementor-element elementor-element-2a44d05 elementor-widget elementor-widget-text-editor\" data-id=\"2a44d05\" data-element_type=\"widget\" data-e-type=\"widget\" data-widget_type=\"text-editor.default\">\n\t\t\t\t<div class=\"elementor-widget-container\">\n\t\t\t\t\t\t\t\t\t<h4 class=\"wp-block-heading\"><strong><em>Holzbauweisen<\/em><\/strong><\/h4>\n<p><!-- \/wp:heading --><!-- wp:paragraph --><\/p>\n<p data-start=\"1578\" data-end=\"1640\">Je nach Projekt kommen unterschiedliche Bauweisen zum Einsatz:<\/p>\n<p data-start=\"1642\" data-end=\"1805\"><strong data-start=\"1642\" data-end=\"1659\">Massivholzbau<\/strong><br data-start=\"1659\" data-end=\"1662\" \/>Ein robustes und \u00e4u\u00dferst stabiles System aus massiven Holzplatten oder -tr\u00e4gern mit hoher Tragf\u00e4higkeit und ausgezeichneter Feuerbest\u00e4ndigkeit.<\/p>\n<p data-start=\"1807\" data-end=\"2010\"><strong data-start=\"1807\" data-end=\"1842\">Vorgefertigte Holztafelbauweise<\/strong><br data-start=\"1842\" data-end=\"1845\" \/>Eine effiziente L\u00f6sung mit integrierter D\u00e4mmung und technischen Installationen, die eine schnelle Montage, hohe Pr\u00e4zision und exzellente Energieeffizienz erm\u00f6glicht.<\/p>\n<p data-start=\"2012\" data-end=\"2242\"><strong data-start=\"2012\" data-end=\"2034\">Holzrahmenbauweise<\/strong><br data-start=\"2034\" data-end=\"2037\" \/>Unsere bevorzugte L\u00f6sung, die Flexibilit\u00e4t, Leichtigkeit und Wirtschaftlichkeit vereint. Diese Bauweise erm\u00f6glicht optimale D\u00e4mmwerte und eignet sich ideal f\u00fcr nachhaltige und energieeffiziente Wohnh\u00e4user.<\/p>\n<p><!-- \/wp:paragraph --><!-- wp:media-text {\"align\":\"wide\",\"mediaId\":1716,\"mediaLink\":\"https:\/\/homeofhomes.lu\/?attachment_id=1716\",\"mediaType\":\"image\",\"className\":\"alignwide\"} --><\/p>\t\t\t\t\t\t\t\t<\/div>\n\t\t\t\t<\/div>\n\t\t\t\t<\/div>\n\t\t<div class=\"elementor-element elementor-element-63a43df e-con-full e-flex e-con e-child\" data-id=\"63a43df\" data-element_type=\"container\" data-e-type=\"container\">\n\t\t\t\t<div class=\"elementor-element elementor-element-caa21b0 elementor-widget elementor-widget-image\" data-id=\"caa21b0\" data-element_type=\"widget\" data-e-type=\"widget\" data-widget_type=\"image.default\">\n\t\t\t\t<div class=\"elementor-widget-container\">\n\t\t\t\t\t\t\t\t\t\t\t\t\t\t\t<img decoding=\"async\" width=\"768\" height=\"644\" src=\"https:\/\/homeofhomes.lu\/wp-content\/uploads\/2026\/01\/9-1-768x644.png\" class=\"attachment-medium_large size-medium_large wp-image-2666\" alt=\"\" srcset=\"https:\/\/homeofhomes.lu\/wp-content\/uploads\/2026\/01\/9-1-768x644.png 768w, https:\/\/homeofhomes.lu\/wp-content\/uploads\/2026\/01\/9-1-300x251.png 300w, https:\/\/homeofhomes.lu\/wp-content\/uploads\/2026\/01\/9-1-138x116.png 138w, https:\/\/homeofhomes.lu\/wp-content\/uploads\/2026\/01\/9-1.png 940w\" sizes=\"(max-width: 768px) 100vw, 768px\" \/>\t\t\t\t\t\t\t\t\t\t\t\t\t\t\t<\/div>\n\t\t\t\t<\/div>\n\t\t\t\t<\/div>\n\t\t\t\t\t<\/div>\n\t\t\t\t<\/div>\n\t\t<div class=\"elementor-element elementor-element-67a529d e-flex e-con-boxed e-con e-parent\" data-id=\"67a529d\" data-element_type=\"container\" data-e-type=\"container\">\n\t\t\t\t\t<div class=\"e-con-inner\">\n\t\t<div class=\"elementor-element elementor-element-ed0eb59 e-con-full e-flex e-con e-child\" data-id=\"ed0eb59\" data-element_type=\"container\" data-e-type=\"container\">\n\t\t\t\t<div class=\"elementor-element elementor-element-6e8a407 elementor-widget elementor-widget-spacer\" data-id=\"6e8a407\" data-element_type=\"widget\" data-e-type=\"widget\" data-widget_type=\"spacer.default\">\n\t\t\t\t<div class=\"elementor-widget-container\">\n\t\t\t\t\t\t\t<div class=\"elementor-spacer\">\n\t\t\t<div class=\"elementor-spacer-inner\"><\/div>\n\t\t<\/div>\n\t\t\t\t\t\t<\/div>\n\t\t\t\t<\/div>\n\t\t\t\t<div class=\"elementor-element elementor-element-73cbfff elementor-widget elementor-widget-image\" data-id=\"73cbfff\" data-element_type=\"widget\" data-e-type=\"widget\" data-widget_type=\"image.default\">\n\t\t\t\t<div class=\"elementor-widget-container\">\n\t\t\t\t\t\t\t\t\t\t\t\t\t\t\t<img decoding=\"async\" width=\"768\" height=\"644\" src=\"https:\/\/homeofhomes.lu\/wp-content\/uploads\/2026\/01\/10-1-768x644.png\" class=\"attachment-medium_large size-medium_large wp-image-2667\" alt=\"\" srcset=\"https:\/\/homeofhomes.lu\/wp-content\/uploads\/2026\/01\/10-1-768x644.png 768w, https:\/\/homeofhomes.lu\/wp-content\/uploads\/2026\/01\/10-1-300x251.png 300w, https:\/\/homeofhomes.lu\/wp-content\/uploads\/2026\/01\/10-1-138x116.png 138w, https:\/\/homeofhomes.lu\/wp-content\/uploads\/2026\/01\/10-1.png 940w\" sizes=\"(max-width: 768px) 100vw, 768px\" \/>\t\t\t\t\t\t\t\t\t\t\t\t\t\t\t<\/div>\n\t\t\t\t<\/div>\n\t\t\t\t<\/div>\n\t\t<div class=\"elementor-element elementor-element-9375101 e-con-full e-flex e-con e-child\" data-id=\"9375101\" data-element_type=\"container\" data-e-type=\"container\">\n\t\t\t\t<div class=\"elementor-element elementor-element-84472ac elementor-widget elementor-widget-text-editor\" data-id=\"84472ac\" data-element_type=\"widget\" data-e-type=\"widget\" data-widget_type=\"text-editor.default\">\n\t\t\t\t<div class=\"elementor-widget-container\">\n\t\t\t\t\t\t\t\t\t<h4 class=\"wp-block-heading\"><strong><em>Fortschrittliche Holz-Wandsysteme<\/em><\/strong><\/h4>\n<p><!-- \/wp:heading --><!-- wp:paragraph --><\/p>\n<p data-start=\"2287\" data-end=\"2411\">Holzwandsysteme werden entsprechend den spezifischen Anforderungen an W\u00e4rmed\u00e4mmung, Schallschutz und Brandschutz konzipiert.<\/p>\n<p data-start=\"2413\" data-end=\"2794\"><strong data-start=\"2413\" data-end=\"2427\">Au\u00dfenw\u00e4nde<\/strong> sch\u00fctzen das Geb\u00e4ude vor Witterungseinfl\u00fcssen und pr\u00e4gen zugleich den architektonischen Charakter durch hochwertige Oberfl\u00e4chen.<br data-start=\"2556\" data-end=\"2559\" \/><strong data-start=\"2559\" data-end=\"2573\">Innenw\u00e4nde<\/strong> verbessern die Akustik und schaffen eine warme, nat\u00fcrliche Wohnatmosph\u00e4re.<br data-start=\"2648\" data-end=\"2651\" \/><strong data-start=\"2651\" data-end=\"2668\">Zwischenw\u00e4nde<\/strong> integrieren leistungsstarke D\u00e4mmschichten zur Steigerung der Energieeffizienz sowie zum Schutz vor Feuchtigkeit und Schimmel.<\/p>\n<h4 class=\"wp-block-heading\"><em><strong>Gesundes Bauen auf h\u00f6chstem Qualit\u00e4tsniveau<\/strong><\/em><\/h4>\n<p data-start=\"2849\" data-end=\"3072\">Alle in unseren Konstruktionen verwendeten Materialien werden sorgf\u00e4ltig ausgew\u00e4hlt und streng kontrolliert. Sie erf\u00fcllen h\u00f6chste Qualit\u00e4ts-, Sicherheits- und Umweltstandards und sind vollkommen gesundheitlich unbedenklich. Unsere Systeme sind frei von sch\u00e4dlichen Chemikalien, Klebstoffen und Konservierungsmitteln. Sie sind diffusionsoffen, regulieren die Luftfeuchtigkeit auf nat\u00fcrliche Weise, sind resistent gegen Sch\u00e4dlinge und Pilze und tragen zu einem ges\u00fcnderen Raumklima bei.<\/p>\n<p><!-- \/wp:paragraph --><!-- wp:media-text {\"align\":\"wide\",\"mediaId\":1716,\"mediaLink\":\"https:\/\/homeofhomes.lu\/?attachment_id=1716\",\"mediaType\":\"image\",\"className\":\"alignwide\"} --><\/p>\t\t\t\t\t\t\t\t<\/div>\n\t\t\t\t<\/div>\n\t\t\t\t<\/div>\n\t\t<div class=\"elementor-element elementor-element-73d7eec e-con-full e-flex e-con e-child\" data-id=\"73d7eec\" data-element_type=\"container\" data-e-type=\"container\">\n\t\t\t\t<div class=\"elementor-element elementor-element-1f55ddd elementor-widget elementor-widget-spacer\" data-id=\"1f55ddd\" data-element_type=\"widget\" data-e-type=\"widget\" data-widget_type=\"spacer.default\">\n\t\t\t\t<div class=\"elementor-widget-container\">\n\t\t\t\t\t\t\t<div class=\"elementor-spacer\">\n\t\t\t<div class=\"elementor-spacer-inner\"><\/div>\n\t\t<\/div>\n\t\t\t\t\t\t<\/div>\n\t\t\t\t<\/div>\n\t\t\t\t<div class=\"elementor-element elementor-element-1f2154e elementor-widget elementor-widget-text-editor\" data-id=\"1f2154e\" data-element_type=\"widget\" data-e-type=\"widget\" data-widget_type=\"text-editor.default\">\n\t\t\t\t<div class=\"elementor-widget-container\">\n\t\t\t\t\t\t\t\t\t<h4 class=\"wp-block-heading\"><em><strong>Energiesysteme und Smart-Home-Technologien<\/strong><\/em><\/h4>\n<p data-start=\"3388\" data-end=\"3610\">\u00dcber den Bau hinaus ber\u00e4t <strong data-start=\"3414\" data-end=\"3431\">Home of Homes<\/strong> Sie bei der Auswahl effizienter Heiz- und L\u00fcftungssysteme, die optimal auf Ihr Projekt und Ihr Budget abgestimmt sind \u2013 darunter W\u00e4rmepumpen und leistungsstarke L\u00fcftungsl\u00f6sungen. Zudem unterst\u00fctzen wir Sie bei der Integration intelligenter Haustechnik und bieten Systeme wie <strong data-start=\"3708\" data-end=\"3728\">KNX, Philips Hue<\/strong> und weitere Smart-Home-L\u00f6sungen zur Steigerung von Komfort, Energieeffizienz und Lebensqualit\u00e4t.<\/p>\n<h4 class=\"wp-block-heading\"><em><strong>Ein nachhaltiges Zuhause \u2013 geschaffen f\u00fcr die Zukunft<\/strong><\/em><\/h4>\n<p data-start=\"3132\" data-end=\"3345\">Sich f\u00fcr <strong data-start=\"3899\" data-end=\"3916\">Home of Homes<\/strong> zu entscheiden bedeutet, ein Zuhause zu w\u00e4hlen, das architektonische Eleganz, \u00f6kologische Verantwortung und langfristigen Wert vereint.<br data-start=\"4052\" data-end=\"4055\" \/>Wir entwerfen und realisieren Lebensr\u00e4ume, die Ihre Werte widerspiegeln und einen nachhaltigen Lebensstil unterst\u00fctzen.<\/p>\n<p><!-- \/wp:paragraph --><!-- wp:media-text {\"align\":\"wide\",\"mediaId\":1716,\"mediaLink\":\"https:\/\/homeofhomes.lu\/?attachment_id=1716\",\"mediaType\":\"image\",\"className\":\"alignwide\"} --><\/p>\t\t\t\t\t\t\t\t<\/div>\n\t\t\t\t<\/div>\n\t\t\t\t<\/div>\n\t\t<div class=\"elementor-element elementor-element-7dd252f e-con-full e-flex e-con e-child\" data-id=\"7dd252f\" data-element_type=\"container\" data-e-type=\"container\">\n\t\t\t\t<div class=\"elementor-element elementor-element-dfd7f08 elementor-widget elementor-widget-image\" data-id=\"dfd7f08\" data-element_type=\"widget\" data-e-type=\"widget\" data-widget_type=\"image.default\">\n\t\t\t\t<div class=\"elementor-widget-container\">\n\t\t\t\t\t\t\t\t\t\t\t\t\t\t\t<img loading=\"lazy\" decoding=\"async\" width=\"768\" height=\"644\" src=\"https:\/\/homeofhomes.lu\/wp-content\/uploads\/2026\/01\/Untitled-design-3-768x644.png\" class=\"attachment-medium_large size-medium_large wp-image-2669\" alt=\"\" srcset=\"https:\/\/homeofhomes.lu\/wp-content\/uploads\/2026\/01\/Untitled-design-3-768x644.png 768w, https:\/\/homeofhomes.lu\/wp-content\/uploads\/2026\/01\/Untitled-design-3-300x251.png 300w, https:\/\/homeofhomes.lu\/wp-content\/uploads\/2026\/01\/Untitled-design-3-138x116.png 138w, https:\/\/homeofhomes.lu\/wp-content\/uploads\/2026\/01\/Untitled-design-3.png 940w\" sizes=\"(max-width: 768px) 100vw, 768px\" \/>\t\t\t\t\t\t\t\t\t\t\t\t\t\t\t<\/div>\n\t\t\t\t<\/div>\n\t\t\t\t<\/div>\n\t\t\t\t\t<\/div>\n\t\t\t\t<\/div>\n\t\t\t\t<\/div>\n\t\t","protected":false},"excerpt":{"rendered":"<p>Nachhaltiges Wohnen f\u00fcr die Zukunft Die ideale L\u00f6sung, die sowohl klimatischen als auch gesetzlichen Anforderungen gerecht wird, ist der Holzbau.Nat\u00fcrlich, &hellip; <a href=\"https:\/\/homeofhomes.lu\/?page_id=2278&#038;lang=de\" class=\"more-link\">Continue reading <span class=\"screen-reader-text\">Unsere L\u00f6sungen<\/span><\/a><\/p>\n","protected":false},"author":1,"featured_media":0,"parent":0,"menu_order":0,"comment_status":"closed","ping_status":"closed","template":"","meta":{"footnotes":""},"class_list":["post-2278","page","type-page","status-publish","hentry"],"lang":"de","translations":{"de":2278,"en":2275,"fr":2268},"jetpack_sharing_enabled":true,"pll_sync_post":[],"_links":{"self":[{"href":"https:\/\/homeofhomes.lu\/index.php?rest_route=\/wp\/v2\/pages\/2278","targetHints":{"allow":["GET"]}}],"collection":[{"href":"https:\/\/homeofhomes.lu\/index.php?rest_route=\/wp\/v2\/pages"}],"about":[{"href":"https:\/\/homeofhomes.lu\/index.php?rest_route=\/wp\/v2\/types\/page"}],"author":[{"embeddable":true,"href":"https:\/\/homeofhomes.lu\/index.php?rest_route=\/wp\/v2\/users\/1"}],"replies":[{"embeddable":true,"href":"https:\/\/homeofhomes.lu\/index.php?rest_route=%2Fwp%2Fv2%2Fcomments&post=2278"}],"version-history":[{"count":3,"href":"https:\/\/homeofhomes.lu\/index.php?rest_route=\/wp\/v2\/pages\/2278\/revisions"}],"predecessor-version":[{"id":2681,"href":"https:\/\/homeofhomes.lu\/index.php?rest_route=\/wp\/v2\/pages\/2278\/revisions\/2681"}],"wp:attachment":[{"href":"https:\/\/homeofhomes.lu\/index.php?rest_route=%2Fwp%2Fv2%2Fmedia&parent=2278"}],"curies":[{"name":"wp","href":"https:\/\/api.w.org\/{rel}","templated":true}]}}