{"id":2280,"date":"2024-04-19T18:49:49","date_gmt":"2024-04-19T16:49:49","guid":{"rendered":"https:\/\/homeofhomes.lu\/?page_id=2280"},"modified":"2026-01-24T16:01:33","modified_gmt":"2026-01-24T14:01:33","slug":"avantages","status":"publish","type":"page","link":"https:\/\/homeofhomes.lu\/?page_id=2280&lang=fr","title":{"rendered":"Avantages"},"content":{"rendered":"\t\t<div data-elementor-type=\"wp-page\" data-elementor-id=\"2280\" class=\"elementor elementor-2280\">\n\t\t\t\t<div class=\"elementor-element elementor-element-e59edbe e-flex e-con-boxed e-con e-parent\" data-id=\"e59edbe\" data-element_type=\"container\" data-e-type=\"container\">\n\t\t\t\t\t<div class=\"e-con-inner\">\n\t\t\t\t<div class=\"elementor-element elementor-element-4d36d76 elementor-widget elementor-widget-text-editor\" data-id=\"4d36d76\" data-element_type=\"widget\" data-e-type=\"widget\" data-widget_type=\"text-editor.default\">\n\t\t\t\t<div class=\"elementor-widget-container\">\n\t\t\t\t\t\t\t\t\t<p>La construction en bois est un investissement \u00e9cologique et \u00e9conomique tourn\u00e9 vers l\u2019avenir.<br \/>Des d\u00e9lais de construction courts, une haute efficacit\u00e9 \u00e9nerg\u00e9tique et de faibles co\u00fbts sur le cycle de vie garantissent une valeur durable et une grande s\u00e9curit\u00e9 de planification.<br \/>Les maisons en bois offrent une conception personnalis\u00e9e, un confort de vie \u00e9lev\u00e9 et une valeur de revente p\u00e9renne.<\/p>\t\t\t\t\t\t\t\t<\/div>\n\t\t\t\t<\/div>\n\t\t\t\t\t<\/div>\n\t\t\t\t<\/div>\n\t\t<div class=\"elementor-element elementor-element-d3f7e00 e-flex e-con-boxed e-con e-parent\" data-id=\"d3f7e00\" data-element_type=\"container\" data-e-type=\"container\">\n\t\t\t\t\t<div class=\"e-con-inner\">\n\t\t<div class=\"elementor-element elementor-element-8517df9 e-con-full e-flex e-con e-child\" data-id=\"8517df9\" data-element_type=\"container\" data-e-type=\"container\">\n\t\t\t\t<div class=\"elementor-element elementor-element-b149420 elementor-widget elementor-widget-text-editor\" data-id=\"b149420\" data-element_type=\"widget\" data-e-type=\"widget\" data-widget_type=\"text-editor.default\">\n\t\t\t\t<div class=\"elementor-widget-container\">\n\t\t\t\t\t\t\t\t\t<h4><em>Avantages de la construction en bois<\/em><\/h4>\t\t\t\t\t\t\t\t<\/div>\n\t\t\t\t<\/div>\n\t\t\t\t<div class=\"elementor-element elementor-element-74e8c49 elementor-widget elementor-widget-image\" data-id=\"74e8c49\" data-element_type=\"widget\" data-e-type=\"widget\" data-widget_type=\"image.default\">\n\t\t\t\t<div class=\"elementor-widget-container\">\n\t\t\t\t\t\t\t\t\t\t\t\t\t\t\t<img fetchpriority=\"high\" decoding=\"async\" width=\"768\" height=\"768\" src=\"https:\/\/homeofhomes.lu\/wp-content\/uploads\/2026\/01\/Untitled-design-4-768x768.png\" class=\"attachment-medium_large size-medium_large wp-image-2704\" alt=\"\" srcset=\"https:\/\/homeofhomes.lu\/wp-content\/uploads\/2026\/01\/Untitled-design-4-768x768.png 768w, https:\/\/homeofhomes.lu\/wp-content\/uploads\/2026\/01\/Untitled-design-4-300x300.png 300w, https:\/\/homeofhomes.lu\/wp-content\/uploads\/2026\/01\/Untitled-design-4-1024x1024.png 1024w, https:\/\/homeofhomes.lu\/wp-content\/uploads\/2026\/01\/Untitled-design-4-150x150.png 150w, https:\/\/homeofhomes.lu\/wp-content\/uploads\/2026\/01\/Untitled-design-4-116x116.png 116w, https:\/\/homeofhomes.lu\/wp-content\/uploads\/2026\/01\/Untitled-design-4.png 1080w\" sizes=\"(max-width: 768px) 100vw, 768px\" \/>\t\t\t\t\t\t\t\t\t\t\t\t\t\t\t<\/div>\n\t\t\t\t<\/div>\n\t\t\t\t<div class=\"elementor-element elementor-element-1e113fc elementor-widget elementor-widget-spacer\" data-id=\"1e113fc\" data-element_type=\"widget\" data-e-type=\"widget\" data-widget_type=\"spacer.default\">\n\t\t\t\t<div class=\"elementor-widget-container\">\n\t\t\t\t\t\t\t<div class=\"elementor-spacer\">\n\t\t\t<div class=\"elementor-spacer-inner\"><\/div>\n\t\t<\/div>\n\t\t\t\t\t\t<\/div>\n\t\t\t\t<\/div>\n\t\t\t\t<div class=\"elementor-element elementor-element-7ec54a6 elementor-widget elementor-widget-text-editor\" data-id=\"7ec54a6\" data-element_type=\"widget\" data-e-type=\"widget\" data-widget_type=\"text-editor.default\">\n\t\t\t\t<div class=\"elementor-widget-container\">\n\t\t\t\t\t\t\t\t\t<p><strong>D\u00e9lai de construction r\u00e9duit :<\/strong> Un haut degr\u00e9 de pr\u00e9fabrication permet une r\u00e9alisation rapide, propre et parfaitement ma\u00eetris\u00e9e<\/p><p><strong>Efficacit\u00e9 \u00e9nerg\u00e9tique :<\/strong> Une isolation thermique performante r\u00e9duit durablement la consommation d\u2019\u00e9nergie, les \u00e9missions de CO\u2082 et les co\u00fbts d\u2019exploitation<\/p><p><strong>Confort de vie :<\/strong> Un climat int\u00e9rieur naturel, une r\u00e9gulation optimale de l\u2019humidit\u00e9 et une acoustique agr\u00e9able garantissent une qualit\u00e9 de vie \u00e9lev\u00e9e<\/p><p><strong>Durabilit\u00e9 :<\/strong> Un mat\u00e9riau de construction renouvelable, durable et \u00e9conome en ressources, offrant une s\u00e9curit\u00e9 \u00e0 long terme<\/p><p><strong>S\u00e9curit\u00e9 :<\/strong> Des structures stables et flexibles assurent une protection fiable contre l\u2019incendie, les s\u00e9ismes et l\u2019humidit\u00e9<\/p><p><strong>Libert\u00e9 de conception :<\/strong> Une architecture sur mesure, adaptable aux besoins, au style et au budget des ma\u00eetres d\u2019ouvrage<\/p>\t\t\t\t\t\t\t\t<\/div>\n\t\t\t\t<\/div>\n\t\t\t\t<\/div>\n\t\t<div class=\"elementor-element elementor-element-034f658 e-con-full e-flex e-con e-child\" data-id=\"034f658\" data-element_type=\"container\" data-e-type=\"container\">\n\t\t\t\t<div class=\"elementor-element elementor-element-6eddd24 elementor-widget elementor-widget-text-editor\" data-id=\"6eddd24\" data-element_type=\"widget\" data-e-type=\"widget\" data-widget_type=\"text-editor.default\">\n\t\t\t\t<div class=\"elementor-widget-container\">\n\t\t\t\t\t\t\t\t\t<h4><em>Avantages financiers<\/em><\/h4>\t\t\t\t\t\t\t\t<\/div>\n\t\t\t\t<\/div>\n\t\t\t\t<div class=\"elementor-element elementor-element-3a63f69 elementor-widget elementor-widget-image\" data-id=\"3a63f69\" data-element_type=\"widget\" data-e-type=\"widget\" data-widget_type=\"image.default\">\n\t\t\t\t<div class=\"elementor-widget-container\">\n\t\t\t\t\t\t\t\t\t\t\t\t\t\t\t<img decoding=\"async\" width=\"768\" height=\"768\" src=\"https:\/\/homeofhomes.lu\/wp-content\/uploads\/2026\/01\/19-768x768.png\" class=\"attachment-medium_large size-medium_large wp-image-2705\" alt=\"\" srcset=\"https:\/\/homeofhomes.lu\/wp-content\/uploads\/2026\/01\/19-768x768.png 768w, https:\/\/homeofhomes.lu\/wp-content\/uploads\/2026\/01\/19-300x300.png 300w, https:\/\/homeofhomes.lu\/wp-content\/uploads\/2026\/01\/19-1024x1024.png 1024w, https:\/\/homeofhomes.lu\/wp-content\/uploads\/2026\/01\/19-150x150.png 150w, https:\/\/homeofhomes.lu\/wp-content\/uploads\/2026\/01\/19-116x116.png 116w, https:\/\/homeofhomes.lu\/wp-content\/uploads\/2026\/01\/19.png 1080w\" sizes=\"(max-width: 768px) 100vw, 768px\" \/>\t\t\t\t\t\t\t\t\t\t\t\t\t\t\t<\/div>\n\t\t\t\t<\/div>\n\t\t\t\t<div class=\"elementor-element elementor-element-c9cf340 elementor-widget elementor-widget-spacer\" data-id=\"c9cf340\" data-element_type=\"widget\" data-e-type=\"widget\" data-widget_type=\"spacer.default\">\n\t\t\t\t<div class=\"elementor-widget-container\">\n\t\t\t\t\t\t\t<div class=\"elementor-spacer\">\n\t\t\t<div class=\"elementor-spacer-inner\"><\/div>\n\t\t<\/div>\n\t\t\t\t\t\t<\/div>\n\t\t\t\t<\/div>\n\t\t\t\t<div class=\"elementor-element elementor-element-b3c712d elementor-widget elementor-widget-text-editor\" data-id=\"b3c712d\" data-element_type=\"widget\" data-e-type=\"widget\" data-widget_type=\"text-editor.default\">\n\t\t\t\t<div class=\"elementor-widget-container\">\n\t\t\t\t\t\t\t\t\t<p><strong>Co\u00fbts globaux optimis\u00e9s :<\/strong> La construction en bois offre un excellent rapport qualit\u00e9-prix, des co\u00fbts de construction et d\u2019exploitation r\u00e9duits, une grande s\u00e9curit\u00e9 budg\u00e9taire et une valeur de revente durable<\/p><p><strong>Faibles co\u00fbts d\u2019exploitation :<\/strong> La diminution des d\u00e9penses de chauffage, de refroidissement, d\u2019entretien et de maintenance r\u00e9duit durablement les co\u00fbts sur le cycle de vie<\/p><p><strong>Aides financi\u00e8res attractives :<\/strong> Les aides publiques \u00e0 la construction et \u00e0 l\u2019acquisition de logements facilitent l\u2019acc\u00e8s \u00e0 la propri\u00e9t\u00e9, selon les revenus, la situation familiale et les crit\u00e8res du projet<\/p><p><strong>Soutien \u00e0 la construction \u00e9co\u00e9nerg\u00e9tique :<\/strong> Des subventions suppl\u00e9mentaires pour des mesures telles que les pompes \u00e0 chaleur, les installations solaires, l\u2019isolation et les \u00e9quipements techniques modernes am\u00e9liorent consid\u00e9rablement la rentabilit\u00e9<\/p><p><strong>Avantages fiscaux :<\/strong> Des d\u00e9ductions fiscales \u00e9tendues pour les co\u00fbts de construction, de financement et d\u2019\u00e9nergie assurent un all\u00e8gement financier durable et renforcent la s\u00e9curit\u00e9 de l\u2019investissement<\/p>\t\t\t\t\t\t\t\t<\/div>\n\t\t\t\t<\/div>\n\t\t\t\t<\/div>\n\t\t<div class=\"elementor-element elementor-element-06c67e7 e-con-full e-flex e-con e-child\" data-id=\"06c67e7\" data-element_type=\"container\" data-e-type=\"container\">\n\t\t\t\t<div class=\"elementor-element elementor-element-085cb07 elementor-widget elementor-widget-spacer\" data-id=\"085cb07\" data-element_type=\"widget\" data-e-type=\"widget\" data-widget_type=\"spacer.default\">\n\t\t\t\t<div class=\"elementor-widget-container\">\n\t\t\t\t\t\t\t<div class=\"elementor-spacer\">\n\t\t\t<div class=\"elementor-spacer-inner\"><\/div>\n\t\t<\/div>\n\t\t\t\t\t\t<\/div>\n\t\t\t\t<\/div>\n\t\t\t\t<\/div>\n\t\t<div class=\"elementor-element elementor-element-9f7059b e-con-full e-flex e-con e-child\" data-id=\"9f7059b\" data-element_type=\"container\" data-e-type=\"container\">\n\t\t\t\t<div class=\"elementor-element elementor-element-09ac2ab elementor-widget elementor-widget-spacer\" data-id=\"09ac2ab\" data-element_type=\"widget\" data-e-type=\"widget\" data-widget_type=\"spacer.default\">\n\t\t\t\t<div class=\"elementor-widget-container\">\n\t\t\t\t\t\t\t<div class=\"elementor-spacer\">\n\t\t\t<div class=\"elementor-spacer-inner\"><\/div>\n\t\t<\/div>\n\t\t\t\t\t\t<\/div>\n\t\t\t\t<\/div>\n\t\t\t\t<\/div>\n\t\t\t\t\t<\/div>\n\t\t\t\t<\/div>\n\t\t\t\t<\/div>\n\t\t","protected":false},"excerpt":{"rendered":"<p>La construction en bois est un investissement \u00e9cologique et \u00e9conomique tourn\u00e9 vers l\u2019avenir.Des d\u00e9lais de construction courts, une haute efficacit\u00e9 &hellip; <a href=\"https:\/\/homeofhomes.lu\/?page_id=2280&#038;lang=fr\" class=\"more-link\">Continue reading <span class=\"screen-reader-text\">Avantages<\/span><\/a><\/p>\n","protected":false},"author":1,"featured_media":0,"parent":0,"menu_order":0,"comment_status":"closed","ping_status":"closed","template":"","meta":{"footnotes":""},"class_list":["post-2280","page","type-page","status-publish","hentry"],"lang":"fr","translations":{"fr":2280,"en":2282,"de":2285},"jetpack_sharing_enabled":true,"pll_sync_post":[],"_links":{"self":[{"href":"https:\/\/homeofhomes.lu\/index.php?rest_route=\/wp\/v2\/pages\/2280","targetHints":{"allow":["GET"]}}],"collection":[{"href":"https:\/\/homeofhomes.lu\/index.php?rest_route=\/wp\/v2\/pages"}],"about":[{"href":"https:\/\/homeofhomes.lu\/index.php?rest_route=\/wp\/v2\/types\/page"}],"author":[{"embeddable":true,"href":"https:\/\/homeofhomes.lu\/index.php?rest_route=\/wp\/v2\/users\/1"}],"replies":[{"embeddable":true,"href":"https:\/\/homeofhomes.lu\/index.php?rest_route=%2Fwp%2Fv2%2Fcomments&post=2280"}],"version-history":[{"count":27,"href":"https:\/\/homeofhomes.lu\/index.php?rest_route=\/wp\/v2\/pages\/2280\/revisions"}],"predecessor-version":[{"id":2762,"href":"https:\/\/homeofhomes.lu\/index.php?rest_route=\/wp\/v2\/pages\/2280\/revisions\/2762"}],"wp:attachment":[{"href":"https:\/\/homeofhomes.lu\/index.php?rest_route=%2Fwp%2Fv2%2Fmedia&parent=2280"}],"curies":[{"name":"wp","href":"https:\/\/api.w.org\/{rel}","templated":true}]}}