{"id":2285,"date":"2024-04-19T18:50:21","date_gmt":"2024-04-19T16:50:21","guid":{"rendered":"https:\/\/homeofhomes.lu\/?page_id=2285"},"modified":"2026-01-24T15:35:01","modified_gmt":"2026-01-24T13:35:01","slug":"vorteile","status":"publish","type":"page","link":"https:\/\/homeofhomes.lu\/?page_id=2285&lang=de","title":{"rendered":"Vorteile"},"content":{"rendered":"\t\t<div data-elementor-type=\"wp-page\" data-elementor-id=\"2285\" class=\"elementor elementor-2285\">\n\t\t\t\t<div class=\"elementor-element elementor-element-fc6e8e5 e-flex e-con-boxed e-con e-parent\" data-id=\"fc6e8e5\" data-element_type=\"container\" data-e-type=\"container\">\n\t\t\t\t\t<div class=\"e-con-inner\">\n\t\t\t\t<div class=\"elementor-element elementor-element-c7c0fe6 elementor-widget elementor-widget-text-editor\" data-id=\"c7c0fe6\" data-element_type=\"widget\" data-e-type=\"widget\" data-widget_type=\"text-editor.default\">\n\t\t\t\t<div class=\"elementor-widget-container\">\n\t\t\t\t\t\t\t\t\t<p>Der Holzbau ist eine \u00f6kologische und wirtschaftliche Investition in die Zukunft.<br data-start=\"257\" data-end=\"260\" \/>Kurze Bauzeiten, hohe Energieeffizienz und geringe Lebenszykluskosten sorgen f\u00fcr nachhaltigen Wert und Planungssicherheit.<br data-start=\"382\" data-end=\"385\" \/>Mit Holzbau entsteht ein individuelles Zuhause mit hoher Wohnqualit\u00e4t und dauerhaftem Wiederverkaufswert.<\/p>\t\t\t\t\t\t\t\t<\/div>\n\t\t\t\t<\/div>\n\t\t\t\t<div class=\"elementor-element elementor-element-c09a259 elementor-widget elementor-widget-spacer\" data-id=\"c09a259\" data-element_type=\"widget\" data-e-type=\"widget\" data-widget_type=\"spacer.default\">\n\t\t\t\t<div class=\"elementor-widget-container\">\n\t\t\t\t\t\t\t<div class=\"elementor-spacer\">\n\t\t\t<div class=\"elementor-spacer-inner\"><\/div>\n\t\t<\/div>\n\t\t\t\t\t\t<\/div>\n\t\t\t\t<\/div>\n\t\t\t\t\t<\/div>\n\t\t\t\t<\/div>\n\t\t<div class=\"elementor-element elementor-element-0d77ee5 e-flex e-con-boxed e-con e-parent\" data-id=\"0d77ee5\" data-element_type=\"container\" data-e-type=\"container\">\n\t\t\t\t\t<div class=\"e-con-inner\">\n\t\t<div class=\"elementor-element elementor-element-124d67a e-con-full e-flex e-con e-child\" data-id=\"124d67a\" data-element_type=\"container\" data-e-type=\"container\">\n\t\t\t\t<div class=\"elementor-element elementor-element-d3bee00 elementor-widget elementor-widget-text-editor\" data-id=\"d3bee00\" data-element_type=\"widget\" data-e-type=\"widget\" data-widget_type=\"text-editor.default\">\n\t\t\t\t<div class=\"elementor-widget-container\">\n\t\t\t\t\t\t\t\t\t<h4><em>Vorteile des Holzbaus<\/em><\/h4>\t\t\t\t\t\t\t\t<\/div>\n\t\t\t\t<\/div>\n\t\t\t\t<div class=\"elementor-element elementor-element-f090d3e elementor-widget elementor-widget-image\" data-id=\"f090d3e\" data-element_type=\"widget\" data-e-type=\"widget\" data-widget_type=\"image.default\">\n\t\t\t\t<div class=\"elementor-widget-container\">\n\t\t\t\t\t\t\t\t\t\t\t\t\t\t\t<img fetchpriority=\"high\" decoding=\"async\" width=\"768\" height=\"768\" src=\"https:\/\/homeofhomes.lu\/wp-content\/uploads\/2026\/01\/Untitled-design-4-768x768.png\" class=\"attachment-medium_large size-medium_large wp-image-2704\" alt=\"\" srcset=\"https:\/\/homeofhomes.lu\/wp-content\/uploads\/2026\/01\/Untitled-design-4-768x768.png 768w, https:\/\/homeofhomes.lu\/wp-content\/uploads\/2026\/01\/Untitled-design-4-300x300.png 300w, https:\/\/homeofhomes.lu\/wp-content\/uploads\/2026\/01\/Untitled-design-4-1024x1024.png 1024w, https:\/\/homeofhomes.lu\/wp-content\/uploads\/2026\/01\/Untitled-design-4-150x150.png 150w, https:\/\/homeofhomes.lu\/wp-content\/uploads\/2026\/01\/Untitled-design-4-116x116.png 116w, https:\/\/homeofhomes.lu\/wp-content\/uploads\/2026\/01\/Untitled-design-4.png 1080w\" sizes=\"(max-width: 768px) 100vw, 768px\" \/>\t\t\t\t\t\t\t\t\t\t\t\t\t\t\t<\/div>\n\t\t\t\t<\/div>\n\t\t\t\t<\/div>\n\t\t<div class=\"elementor-element elementor-element-3584611 e-con-full e-flex e-con e-child\" data-id=\"3584611\" data-element_type=\"container\" data-e-type=\"container\">\n\t\t\t\t<div class=\"elementor-element elementor-element-e52dc20 elementor-widget elementor-widget-text-editor\" data-id=\"e52dc20\" data-element_type=\"widget\" data-e-type=\"widget\" data-widget_type=\"text-editor.default\">\n\t\t\t\t<div class=\"elementor-widget-container\">\n\t\t\t\t\t\t\t\t\t<h4><em>Finanzielle Vorteile<\/em><\/h4>\t\t\t\t\t\t\t\t<\/div>\n\t\t\t\t<\/div>\n\t\t\t\t<div class=\"elementor-element elementor-element-f8b3e34 elementor-widget elementor-widget-image\" data-id=\"f8b3e34\" data-element_type=\"widget\" data-e-type=\"widget\" data-widget_type=\"image.default\">\n\t\t\t\t<div class=\"elementor-widget-container\">\n\t\t\t\t\t\t\t\t\t\t\t\t\t\t\t<img decoding=\"async\" width=\"768\" height=\"768\" src=\"https:\/\/homeofhomes.lu\/wp-content\/uploads\/2026\/01\/19-768x768.png\" class=\"attachment-medium_large size-medium_large wp-image-2705\" alt=\"\" srcset=\"https:\/\/homeofhomes.lu\/wp-content\/uploads\/2026\/01\/19-768x768.png 768w, https:\/\/homeofhomes.lu\/wp-content\/uploads\/2026\/01\/19-300x300.png 300w, https:\/\/homeofhomes.lu\/wp-content\/uploads\/2026\/01\/19-1024x1024.png 1024w, https:\/\/homeofhomes.lu\/wp-content\/uploads\/2026\/01\/19-150x150.png 150w, https:\/\/homeofhomes.lu\/wp-content\/uploads\/2026\/01\/19-116x116.png 116w, https:\/\/homeofhomes.lu\/wp-content\/uploads\/2026\/01\/19.png 1080w\" sizes=\"(max-width: 768px) 100vw, 768px\" \/>\t\t\t\t\t\t\t\t\t\t\t\t\t\t\t<\/div>\n\t\t\t\t<\/div>\n\t\t\t\t<\/div>\n\t\t<div class=\"elementor-element elementor-element-c9a86b8 e-con-full e-flex e-con e-child\" data-id=\"c9a86b8\" data-element_type=\"container\" data-e-type=\"container\">\n\t\t\t\t<div class=\"elementor-element elementor-element-ceaa25e elementor-widget elementor-widget-spacer\" data-id=\"ceaa25e\" data-element_type=\"widget\" data-e-type=\"widget\" data-widget_type=\"spacer.default\">\n\t\t\t\t<div class=\"elementor-widget-container\">\n\t\t\t\t\t\t\t<div class=\"elementor-spacer\">\n\t\t\t<div class=\"elementor-spacer-inner\"><\/div>\n\t\t<\/div>\n\t\t\t\t\t\t<\/div>\n\t\t\t\t<\/div>\n\t\t\t\t<div class=\"elementor-element elementor-element-8b1d7a7 elementor-widget elementor-widget-text-editor\" data-id=\"8b1d7a7\" data-element_type=\"widget\" data-e-type=\"widget\" data-widget_type=\"text-editor.default\">\n\t\t\t\t<div class=\"elementor-widget-container\">\n\t\t\t\t\t\t\t\t\t<p><strong>Kurze Bauzeit:<\/strong> Hoher Vorfertigungsgrad erm\u00f6glicht eine schnelle, saubere und terminsichere Umsetzung<\/p>\n<p><strong>Energieeffizienz:<\/strong> Exzellente W\u00e4rmed\u00e4mmung reduziert Energieverbrauch, CO\u2082-Emissionen und laufende Kosten nachhaltig<\/p>\n<p><strong>Wohnkomfort:<\/strong> Nat\u00fcrliches Raumklima, optimale Feuchtigkeitsregulierung und angenehme Akustik sorgen f\u00fcr hohe Lebensqualit\u00e4t<\/p>\n<p><strong>Nachhaltigkeit:<\/strong> Erneuerbarer, langlebiger und ressourcenschonender Baustoff mit hoher Zukunftssicherheit<\/p>\n<p><strong>Sicherheit:<\/strong> Stabile und flexible Konstruktionen bieten zuverl\u00e4ssigen Schutz bei Brand, Erdbeben und Feuchtigkeit<\/p>\n<p><strong>Planungsfreiheit:<\/strong> Individuelle Architektur, flexibel anpassbar an Bed\u00fcrfnisse, Stil und Budget der Bauherren<\/p>\t\t\t\t\t\t\t\t<\/div>\n\t\t\t\t<\/div>\n\t\t\t\t<\/div>\n\t\t<div class=\"elementor-element elementor-element-d54ecbd e-con-full e-flex e-con e-child\" data-id=\"d54ecbd\" data-element_type=\"container\" data-e-type=\"container\">\n\t\t\t\t<div class=\"elementor-element elementor-element-93dc266 elementor-widget elementor-widget-spacer\" data-id=\"93dc266\" data-element_type=\"widget\" data-e-type=\"widget\" data-widget_type=\"spacer.default\">\n\t\t\t\t<div class=\"elementor-widget-container\">\n\t\t\t\t\t\t\t<div class=\"elementor-spacer\">\n\t\t\t<div class=\"elementor-spacer-inner\"><\/div>\n\t\t<\/div>\n\t\t\t\t\t\t<\/div>\n\t\t\t\t<\/div>\n\t\t\t\t<div class=\"elementor-element elementor-element-3e290c2 elementor-widget elementor-widget-text-editor\" data-id=\"3e290c2\" data-element_type=\"widget\" data-e-type=\"widget\" data-widget_type=\"text-editor.default\">\n\t\t\t\t<div class=\"elementor-widget-container\">\n\t\t\t\t\t\t\t\t\t<p><strong>Optimale Gesamtkosten:<\/strong> Holzbau \u00fcberzeugt durch ein starkes Preis-Leistungs-Verh\u00e4ltnis, niedrige Bau- und Betriebskosten, hohe Kosten- und Planungssicherheit sowie einen nachhaltigen Wiederverkaufswert<\/p>\n<p><strong>Geringe laufende Kosten:<\/strong> Reduzierte Heiz-, K\u00fchl-, Wartungs- und Instandhaltungskosten senken die Lebenszykluskosten dauerhaft<\/p>\n<p><strong>Attraktive F\u00f6rderungen:<\/strong> Staatliche Beihilfen f\u00fcr Bau und Erwerb von Wohnraum erleichtern den Zugang zum Eigentum, abh\u00e4ngig von Einkommen, Familiensituation und Objektkriterien<\/p>\n<p><strong>F\u00f6rderung energieeffizienten Bauens:<\/strong> Zus\u00e4tzliche Zusch\u00fcsse f\u00fcr \u00f6koenergetische Ma\u00dfnahmen wie W\u00e4rmepumpen, Solaranlagen, D\u00e4mmung und moderne Haustechnik verbessern die Wirtschaftlichkeit erheblich<\/p>\n<p><strong>Steuerliche Vorteile:<\/strong> Umfangreiche steuerliche Absetzbarkeiten f\u00fcr Bau-, Finanzierungs- und Energiekosten entlasten nachhaltig und erh\u00f6hen die Investitionssicherheit<\/p>\t\t\t\t\t\t\t\t<\/div>\n\t\t\t\t<\/div>\n\t\t\t\t<\/div>\n\t\t\t\t\t<\/div>\n\t\t\t\t<\/div>\n\t\t\t\t<\/div>\n\t\t","protected":false},"excerpt":{"rendered":"<p>Der Holzbau ist eine \u00f6kologische und wirtschaftliche Investition in die Zukunft.Kurze Bauzeiten, hohe Energieeffizienz und geringe Lebenszykluskosten sorgen f\u00fcr nachhaltigen &hellip; <a href=\"https:\/\/homeofhomes.lu\/?page_id=2285&#038;lang=de\" class=\"more-link\">Continue reading <span class=\"screen-reader-text\">Vorteile<\/span><\/a><\/p>\n","protected":false},"author":1,"featured_media":0,"parent":0,"menu_order":0,"comment_status":"closed","ping_status":"closed","template":"","meta":{"footnotes":""},"class_list":["post-2285","page","type-page","status-publish","hentry"],"lang":"de","translations":{"de":2285,"en":2282,"fr":2280},"jetpack_sharing_enabled":true,"pll_sync_post":[],"_links":{"self":[{"href":"https:\/\/homeofhomes.lu\/index.php?rest_route=\/wp\/v2\/pages\/2285","targetHints":{"allow":["GET"]}}],"collection":[{"href":"https:\/\/homeofhomes.lu\/index.php?rest_route=\/wp\/v2\/pages"}],"about":[{"href":"https:\/\/homeofhomes.lu\/index.php?rest_route=\/wp\/v2\/types\/page"}],"author":[{"embeddable":true,"href":"https:\/\/homeofhomes.lu\/index.php?rest_route=\/wp\/v2\/users\/1"}],"replies":[{"embeddable":true,"href":"https:\/\/homeofhomes.lu\/index.php?rest_route=%2Fwp%2Fv2%2Fcomments&post=2285"}],"version-history":[{"count":19,"href":"https:\/\/homeofhomes.lu\/index.php?rest_route=\/wp\/v2\/pages\/2285\/revisions"}],"predecessor-version":[{"id":2751,"href":"https:\/\/homeofhomes.lu\/index.php?rest_route=\/wp\/v2\/pages\/2285\/revisions\/2751"}],"wp:attachment":[{"href":"https:\/\/homeofhomes.lu\/index.php?rest_route=%2Fwp%2Fv2%2Fmedia&parent=2285"}],"curies":[{"name":"wp","href":"https:\/\/api.w.org\/{rel}","templated":true}]}}